{"id":1639,"date":"2025-05-13T09:50:51","date_gmt":"2025-05-13T07:50:51","guid":{"rendered":"https:\/\/www.sonfloragroturisme.com\/conditions-dutilisation\/"},"modified":"2025-05-13T11:21:38","modified_gmt":"2025-05-13T09:21:38","slug":"conditions-dutilisation","status":"publish","type":"page","link":"https:\/\/www.sonfloragroturisme.com\/fr\/conditions-dutilisation\/","title":{"rendered":"Conditions d&rsquo;utilisation"},"content":{"rendered":"<section class=\"l-section wpb_row height_custom\"><div class=\"l-section-h i-cf\"><div class=\"g-cols vc_row via_grid cols_1 laptops-cols_inherit tablets-cols_inherit mobiles-cols_1 valign_top type_default stacking_default\"><div class=\"wpb_column vc_column_container\"><div class=\"vc_column-inner\"><div class=\"w-separator size_large\"><\/div><div class=\"wpb_text_column\"><div class=\"wpb_wrapper\"><h3>Conditions d&rsquo;utilisation<span><\/span><span><\/span><\/h3>\n<\/div><\/div><\/div><\/div><\/div><\/div><\/section><section class=\"l-section wpb_row height_custom\"><div class=\"l-section-h i-cf\"><div class=\"g-cols vc_row via_grid cols_1 laptops-cols_inherit tablets-cols_inherit mobiles-cols_1 valign_top type_default stacking_default\"><div class=\"wpb_column vc_column_container\"><div class=\"vc_column-inner\"><div class=\"wpb_text_column\"><div class=\"wpb_wrapper\"><h4 class=\"s3\"><span>Horaires :<\/span><\/h4>\n<ul>\n<li><span class=\"_fadeIn_m1hgl_8\">Arriv\u00e9e <\/span><span class=\"_fadeIn_m1hgl_8\">entre <\/span><span class=\"_fadeIn_m1hgl_8\">16h00 <\/span><span class=\"_fadeIn_m1hgl_8\">et <\/span><span class=\"_fadeIn_m1hgl_8\">19h00. <\/span><span class=\"_fadeIn_m1hgl_8\">Possibilit\u00e9 <\/span><span class=\"_fadeIn_m1hgl_8\">d\u2019arriv\u00e9e <\/span><span class=\"_fadeIn_m1hgl_8\">tardive <\/span><span class=\"_fadeIn_m1hgl_8\">sur <\/span><span class=\"_fadeIn_m1hgl_8\">demande.<\/span><\/li>\n<li><span class=\"_fadeIn_m1hgl_8\">D\u00e9part <\/span><span class=\"_fadeIn_m1hgl_8\">\u00e0 <\/span><span class=\"_fadeIn_m1hgl_8\">10h00. <\/span><span class=\"_fadeIn_m1hgl_8\">Possibilit\u00e9 <\/span><span class=\"_fadeIn_m1hgl_8\">de <\/span><span class=\"_fadeIn_m1hgl_8\">d\u00e9part <\/span><span class=\"_fadeIn_m1hgl_8\">tardif <\/span><span class=\"_fadeIn_m1hgl_8\">sur <\/span><span class=\"_fadeIn_m1hgl_8\">demande.<\/span><\/li>\n<\/ul>\n<h4>R\u00e9servations <span style=\"font-family: inherit;\">et annulations :<\/span><\/h4>\n<ul>\n<li><span>R\u00e9alis\u00e9 par l&rsquo;interm\u00e9diaire de <\/span><a href=\"http:\/\/www.sonfloragroturisme.com\/\"><span class=\"s5\">www.sonfloragroturisme.com <\/span><\/a><span><span>50% <\/span><\/span>du <span class=\"_fadeIn_m1hgl_8\">montant <\/span><span class=\"_fadeIn_m1hgl_8\">total <\/span><span class=\"_fadeIn_m1hgl_8\">de <\/span><span class=\"_fadeIn_m1hgl_8\">la <\/span><span class=\"_fadeIn_m1hgl_8\">r\u00e9servation <\/span><span class=\"_fadeIn_m1hgl_8\">doit <\/span><span class=\"_fadeIn_m1hgl_8\">\u00eatre <\/span><span class=\"_fadeIn_m1hgl_8\">pay\u00e9 <\/span><span class=\"_fadeIn_m1hgl_8\">au <\/span><span class=\"_fadeIn_m1hgl_8\">moment <\/span><span class=\"_fadeIn_m1hgl_8\">de <\/span><span class=\"_fadeIn_m1hgl_8\">la <\/span><span class=\"_fadeIn_m1hgl_8\">r\u00e9servation. <\/span><span class=\"_fadeIn_m1hgl_8\">Le <\/span><span class=\"_fadeIn_m1hgl_8\">solde <\/span><span class=\"_fadeIn_m1hgl_8\">peut <\/span><span class=\"_fadeIn_m1hgl_8\">\u00eatre <\/span><span class=\"_fadeIn_m1hgl_8\">r\u00e9gl\u00e9 <\/span><span class=\"_fadeIn_m1hgl_8\">sur <\/span><span class=\"_fadeIn_m1hgl_8\">place.<\/span><\/li>\n<li data-start=\"447\" data-end=\"940\"><span class=\"_fadeIn_m1hgl_8\">Annulation <\/span><span class=\"_fadeIn_m1hgl_8\">gratuite <\/span><span class=\"_fadeIn_m1hgl_8\">jusqu\u2019\u00e0 <\/span><span class=\"_fadeIn_m1hgl_8\">7 <\/span><span class=\"_fadeIn_m1hgl_8\">jours <\/span><span class=\"_fadeIn_m1hgl_8\">avant <\/span><span class=\"_fadeIn_m1hgl_8\">la <\/span><span class=\"_fadeIn_m1hgl_8\">date <\/span><span class=\"_fadeIn_m1hgl_8\">d\u2019arriv\u00e9e. <\/span><span class=\"_fadeIn_m1hgl_8\">En <\/span><span class=\"_fadeIn_m1hgl_8\">cas <\/span><span class=\"_fadeIn_m1hgl_8\">d\u2019annulation <\/span><span class=\"_fadeIn_m1hgl_8\">tardive, <\/span><span class=\"_fadeIn_m1hgl_8\">le <\/span><span class=\"_fadeIn_m1hgl_8\">montant <\/span><span class=\"_fadeIn_m1hgl_8\">total <\/span><span class=\"_fadeIn_m1hgl_8\">de <\/span><span class=\"_fadeIn_m1hgl_8\">la <\/span><span class=\"_fadeIn_m1hgl_8\">r\u00e9servation <\/span><span class=\"_fadeIn_m1hgl_8\">sera <\/span><span class=\"_fadeIn_m1hgl_8\">factur\u00e9.<\/span><br data-start=\"839\" data-end=\"842\" \/><span class=\"_fadeIn_m1hgl_8\">Les <\/span><span class=\"_fadeIn_m1hgl_8\">remboursements <\/span><span class=\"_fadeIn_m1hgl_8\">seront <\/span><span class=\"_fadeIn_m1hgl_8\">effectu\u00e9s <\/span><span class=\"_fadeIn_m1hgl_8\">selon <\/span><span class=\"_fadeIn_m1hgl_8\">le <\/span><span class=\"_fadeIn_m1hgl_8\">m\u00eame <\/span><span class=\"_fadeIn_m1hgl_8\">mode <\/span><span class=\"_fadeIn_m1hgl_8\">de <\/span><span class=\"_fadeIn_m1hgl_8\">paiement <\/span><span class=\"_fadeIn_m1hgl_8\">utilis\u00e9 <\/span><span class=\"_fadeIn_m1hgl_8\">lors <\/span><span class=\"_fadeIn_m1hgl_8\">de <\/span><span class=\"_fadeIn_m1hgl_8\">la <\/span><span class=\"_fadeIn_m1hgl_8\">r\u00e9servation.<\/span><\/li>\n<li data-start=\"942\" data-end=\"1115\"><span class=\"_fadeIn_m1hgl_8\">Une <\/span><span class=\"_fadeIn_m1hgl_8\">caution <\/span><span class=\"_fadeIn_m1hgl_8\">de <\/span><span class=\"_fadeIn_m1hgl_8\">200 \u20ac <\/span><span class=\"_fadeIn_m1hgl_8\">sera <\/span><span class=\"_fadeIn_m1hgl_8\">demand\u00e9e <\/span><span class=\"_fadeIn_m1hgl_8\">par <\/span><span class=\"_fadeIn_m1hgl_8\">carte <\/span><span class=\"_fadeIn_m1hgl_8\">de <\/span><span class=\"_fadeIn_m1hgl_8\">cr\u00e9dit <\/span><span class=\"_fadeIn_m1hgl_8\">le <\/span><span class=\"_fadeIn_m1hgl_8\">jour <\/span><span class=\"_fadeIn_m1hgl_8\">de <\/span><span class=\"_fadeIn_m1hgl_8\">l\u2019arriv\u00e9e. <\/span><span class=\"_fadeIn_m1hgl_8\">En <\/span><span class=\"_fadeIn_m1hgl_8\">l\u2019absence <\/span><span class=\"_fadeIn_m1hgl_8\">de <\/span><span class=\"_fadeIn_m1hgl_8\">dommages, <\/span><span class=\"_fadeIn_m1hgl_8\">elle <\/span><span class=\"_fadeIn_m1hgl_8\">sera <\/span><span class=\"_fadeIn_m1hgl_8\">rembours\u00e9e <\/span><span class=\"_fadeIn_m1hgl_8\">dans <\/span><span class=\"_fadeIn_m1hgl_8\">un <\/span><span class=\"_fadeIn_m1hgl_8\">d\u00e9lai <\/span><span class=\"_fadeIn_m1hgl_8\">maximum <\/span><span class=\"_fadeIn_m1hgl_8\">de <\/span><span class=\"_fadeIn_m1hgl_8\">7 <\/span><span class=\"_fadeIn_m1hgl_8\">jours <\/span><span class=\"_fadeIn_m1hgl_8\">apr\u00e8s <\/span><span class=\"_fadeIn_m1hgl_8\">le <\/span><span class=\"_fadeIn_m1hgl_8\">d\u00e9part.<\/span><\/li>\n<\/ul>\n<p>&nbsp;<\/p>\n<h4>Instructions :<\/h4>\n<ul>\n<li><span class=\"_fadeIn_m1hgl_8\">La <\/span><span class=\"_fadeIn_m1hgl_8\">taxe <\/span><span class=\"_fadeIn_m1hgl_8\">de <\/span><span class=\"_fadeIn_m1hgl_8\">s\u00e9jour <\/span><span class=\"_fadeIn_m1hgl_8\">est <\/span><span class=\"_fadeIn_m1hgl_8\">\u00e0 <\/span><span class=\"_fadeIn_m1hgl_8\">r\u00e9gler <\/span><span class=\"_fadeIn_m1hgl_8\">sur <\/span><span class=\"_fadeIn_m1hgl_8\">place.<\/span><\/li>\n<li><span class=\"_fadeIn_m1hgl_8\">Les <\/span><span class=\"_fadeIn_m1hgl_8\">animaux <\/span><span class=\"_fadeIn_m1hgl_8\">domestiques <\/span><span class=\"_fadeIn_m1hgl_8\">ne <\/span><span class=\"_fadeIn_m1hgl_8\">sont <\/span><span class=\"_fadeIn_m1hgl_8\">pas <\/span><span class=\"_fadeIn_m1hgl_8\">admis.<\/span><\/li>\n<li><span class=\"_fadeIn_m1hgl_8\">Des <\/span><span class=\"_fadeIn_m1hgl_8\">lits <\/span><span class=\"_fadeIn_m1hgl_8\">suppl\u00e9mentaires <\/span><span class=\"_fadeIn_m1hgl_8\">peuvent <\/span><span class=\"_fadeIn_m1hgl_8\">\u00eatre <\/span><span class=\"_fadeIn_m1hgl_8\">ajout\u00e9s <\/span><span class=\"_fadeIn_m1hgl_8\">sur <\/span><span class=\"_fadeIn_m1hgl_8\">demande, <\/span><span class=\"_fadeIn_m1hgl_8\">sous <\/span><span class=\"_fadeIn_m1hgl_8\">r\u00e9serve <\/span><span class=\"_fadeIn_m1hgl_8\">de <\/span><span class=\"_fadeIn_m1hgl_8\">disponibilit\u00e9 <\/span><span class=\"_fadeIn_m1hgl_8\">et <\/span><span class=\"_fadeIn_m1hgl_8\">avec <\/span><span class=\"_fadeIn_m1hgl_8\">un <\/span><span class=\"_fadeIn_m1hgl_8\">suppl\u00e9ment.<\/span><\/li>\n<li><span class=\"_fadeIn_m1hgl_8\">Le <\/span><span class=\"_fadeIn_m1hgl_8\">d\u00e9passement <\/span><span class=\"_fadeIn_m1hgl_8\">de <\/span><span class=\"_fadeIn_m1hgl_8\">la <\/span><span class=\"_fadeIn_m1hgl_8\">capacit\u00e9 <\/span><span class=\"_fadeIn_m1hgl_8\">maximale <\/span><span class=\"_fadeIn_m1hgl_8\">du <\/span><span class=\"_fadeIn_m1hgl_8\">logement <\/span><span class=\"_fadeIn_m1hgl_8\">sans <\/span><span class=\"_fadeIn_m1hgl_8\">autorisation <\/span><span class=\"_fadeIn_m1hgl_8\">peut <\/span><span class=\"_fadeIn_m1hgl_8\">entra\u00eener <\/span><span class=\"_fadeIn_m1hgl_8\">l\u2019annulation <\/span><span class=\"_fadeIn_m1hgl_8\">ou <\/span><span class=\"_fadeIn_m1hgl_8\">le <\/span><span class=\"_fadeIn_m1hgl_8\">refus <\/span><span class=\"_fadeIn_m1hgl_8\">de <\/span><span class=\"_fadeIn_m1hgl_8\">la <\/span><span class=\"_fadeIn_m1hgl_8\">r\u00e9servation.<\/span><\/li>\n<li><span class=\"_fadeIn_m1hgl_8\">Les <\/span><span class=\"_fadeIn_m1hgl_8\">f\u00eates <\/span><span class=\"_fadeIn_m1hgl_8\">ou <\/span><span class=\"_fadeIn_m1hgl_8\">\u00e9v\u00e9nements <\/span><span class=\"_fadeIn_m1hgl_8\">ne <\/span><span class=\"_fadeIn_m1hgl_8\">sont <\/span><span class=\"_fadeIn_m1hgl_8\">pas <\/span><span class=\"_fadeIn_m1hgl_8\">autoris\u00e9s <\/span><span class=\"_fadeIn_m1hgl_8\">sans <\/span><span class=\"_fadeIn_m1hgl_8\">accord <\/span><span class=\"_fadeIn_m1hgl_8\">pr\u00e9alable.<\/span><\/li>\n<\/ul>\n<\/div><\/div><div class=\"w-separator size_large\"><\/div><\/div><\/div><\/div><\/div><\/section>\n","protected":false},"excerpt":{"rendered":"Conditions d&rsquo;utilisation Horaires : Arriv\u00e9e entre 16h00 et 19h00. Possibilit\u00e9 d\u2019arriv\u00e9e tardive sur demande. D\u00e9part \u00e0 10h00. Possibilit\u00e9 de d\u00e9part tardif sur demande. R\u00e9servations et annulations : R\u00e9alis\u00e9 par l&rsquo;interm\u00e9diaire de www.sonfloragroturisme.com 50% du montant total de la r\u00e9servation doit \u00eatre pay\u00e9 au moment de la r\u00e9servation. Le solde peut \u00eatre r\u00e9gl\u00e9 sur place. Annulation...","protected":false},"author":2,"featured_media":0,"parent":0,"menu_order":0,"comment_status":"closed","ping_status":"closed","template":"","meta":{"_acf_changed":false,"footnotes":""},"class_list":["post-1639","page","type-page","status-publish","hentry"],"acf":[],"yoast_head":"<!-- This site is optimized with the Yoast SEO plugin v27.4 - https:\/\/yoast.com\/product\/yoast-seo-wordpress\/ -->\n<title>Conditions d&#039;utilisation - Son Flor Agroturisme<\/title>\n<meta name=\"robots\" content=\"index, follow, max-snippet:-1, max-image-preview:large, max-video-preview:-1\" \/>\n<link rel=\"canonical\" href=\"https:\/\/www.sonfloragroturisme.com\/fr\/conditions-dutilisation\/\" \/>\n<meta property=\"og:locale\" content=\"fr_FR\" \/>\n<meta property=\"og:type\" content=\"article\" \/>\n<meta property=\"og:title\" content=\"Conditions d&#039;utilisation - Son Flor Agroturisme\" \/>\n<meta property=\"og:url\" content=\"https:\/\/www.sonfloragroturisme.com\/fr\/conditions-dutilisation\/\" \/>\n<meta property=\"og:site_name\" content=\"Son Flor Agroturisme\" \/>\n<meta property=\"article:publisher\" content=\"https:\/\/www.facebook.com\/sonfloragroturisme\" \/>\n<meta property=\"article:modified_time\" content=\"2025-05-13T09:21:38+00:00\" \/>\n<meta name=\"twitter:card\" content=\"summary_large_image\" \/>\n<meta name=\"twitter:label1\" content=\"Dur\u00e9e de lecture estim\u00e9e\" \/>\n\t<meta name=\"twitter:data1\" content=\"1 minute\" \/>\n<script type=\"application\/ld+json\" class=\"yoast-schema-graph\">{\"@context\":\"https:\\\/\\\/schema.org\",\"@graph\":[{\"@type\":\"WebPage\",\"@id\":\"https:\\\/\\\/www.sonfloragroturisme.com\\\/fr\\\/conditions-dutilisation\\\/\",\"url\":\"https:\\\/\\\/www.sonfloragroturisme.com\\\/fr\\\/conditions-dutilisation\\\/\",\"name\":\"Conditions d'utilisation - Son Flor Agroturisme\",\"isPartOf\":{\"@id\":\"https:\\\/\\\/www.sonfloragroturisme.com\\\/#website\"},\"datePublished\":\"2025-05-13T07:50:51+00:00\",\"dateModified\":\"2025-05-13T09:21:38+00:00\",\"breadcrumb\":{\"@id\":\"https:\\\/\\\/www.sonfloragroturisme.com\\\/fr\\\/conditions-dutilisation\\\/#breadcrumb\"},\"inLanguage\":\"fr-FR\",\"potentialAction\":[{\"@type\":\"ReadAction\",\"target\":[\"https:\\\/\\\/www.sonfloragroturisme.com\\\/fr\\\/conditions-dutilisation\\\/\"]}]},{\"@type\":\"BreadcrumbList\",\"@id\":\"https:\\\/\\\/www.sonfloragroturisme.com\\\/fr\\\/conditions-dutilisation\\\/#breadcrumb\",\"itemListElement\":[{\"@type\":\"ListItem\",\"position\":1,\"name\":\"Portada\",\"item\":\"https:\\\/\\\/www.sonfloragroturisme.com\\\/fr\\\/accueil\\\/\"},{\"@type\":\"ListItem\",\"position\":2,\"name\":\"Conditions d&#8217;utilisation\"}]},{\"@type\":\"WebSite\",\"@id\":\"https:\\\/\\\/www.sonfloragroturisme.com\\\/#website\",\"url\":\"https:\\\/\\\/www.sonfloragroturisme.com\\\/\",\"name\":\"Son Flor Agroturisme\",\"description\":\"\",\"publisher\":{\"@id\":\"https:\\\/\\\/www.sonfloragroturisme.com\\\/#organization\"},\"potentialAction\":[{\"@type\":\"SearchAction\",\"target\":{\"@type\":\"EntryPoint\",\"urlTemplate\":\"https:\\\/\\\/www.sonfloragroturisme.com\\\/?s={search_term_string}\"},\"query-input\":{\"@type\":\"PropertyValueSpecification\",\"valueRequired\":true,\"valueName\":\"search_term_string\"}}],\"inLanguage\":\"fr-FR\"},{\"@type\":\"Organization\",\"@id\":\"https:\\\/\\\/www.sonfloragroturisme.com\\\/#organization\",\"name\":\"Son Flor Agroturisme\",\"url\":\"https:\\\/\\\/www.sonfloragroturisme.com\\\/\",\"logo\":{\"@type\":\"ImageObject\",\"inLanguage\":\"fr-FR\",\"@id\":\"https:\\\/\\\/www.sonfloragroturisme.com\\\/#\\\/schema\\\/logo\\\/image\\\/\",\"url\":\"https:\\\/\\\/www.sonfloragroturisme.com\\\/wp-content\\\/uploads\\\/2025\\\/02\\\/icon.png\",\"contentUrl\":\"https:\\\/\\\/www.sonfloragroturisme.com\\\/wp-content\\\/uploads\\\/2025\\\/02\\\/icon.png\",\"width\":1689,\"height\":1689,\"caption\":\"Son Flor Agroturisme\"},\"image\":{\"@id\":\"https:\\\/\\\/www.sonfloragroturisme.com\\\/#\\\/schema\\\/logo\\\/image\\\/\"},\"sameAs\":[\"https:\\\/\\\/www.facebook.com\\\/sonfloragroturisme\",\"https:\\\/\\\/www.instagram.com\\\/sonfloragroturisme\\\/\"]}]}<\/script>\n<!-- \/ Yoast SEO plugin. -->","yoast_head_json":{"title":"Conditions d'utilisation - Son Flor Agroturisme","robots":{"index":"index","follow":"follow","max-snippet":"max-snippet:-1","max-image-preview":"max-image-preview:large","max-video-preview":"max-video-preview:-1"},"canonical":"https:\/\/www.sonfloragroturisme.com\/fr\/conditions-dutilisation\/","og_locale":"fr_FR","og_type":"article","og_title":"Conditions d'utilisation - Son Flor Agroturisme","og_url":"https:\/\/www.sonfloragroturisme.com\/fr\/conditions-dutilisation\/","og_site_name":"Son Flor Agroturisme","article_publisher":"https:\/\/www.facebook.com\/sonfloragroturisme","article_modified_time":"2025-05-13T09:21:38+00:00","twitter_card":"summary_large_image","twitter_misc":{"Dur\u00e9e de lecture estim\u00e9e":"1 minute"},"schema":{"@context":"https:\/\/schema.org","@graph":[{"@type":"WebPage","@id":"https:\/\/www.sonfloragroturisme.com\/fr\/conditions-dutilisation\/","url":"https:\/\/www.sonfloragroturisme.com\/fr\/conditions-dutilisation\/","name":"Conditions d'utilisation - Son Flor Agroturisme","isPartOf":{"@id":"https:\/\/www.sonfloragroturisme.com\/#website"},"datePublished":"2025-05-13T07:50:51+00:00","dateModified":"2025-05-13T09:21:38+00:00","breadcrumb":{"@id":"https:\/\/www.sonfloragroturisme.com\/fr\/conditions-dutilisation\/#breadcrumb"},"inLanguage":"fr-FR","potentialAction":[{"@type":"ReadAction","target":["https:\/\/www.sonfloragroturisme.com\/fr\/conditions-dutilisation\/"]}]},{"@type":"BreadcrumbList","@id":"https:\/\/www.sonfloragroturisme.com\/fr\/conditions-dutilisation\/#breadcrumb","itemListElement":[{"@type":"ListItem","position":1,"name":"Portada","item":"https:\/\/www.sonfloragroturisme.com\/fr\/accueil\/"},{"@type":"ListItem","position":2,"name":"Conditions d&#8217;utilisation"}]},{"@type":"WebSite","@id":"https:\/\/www.sonfloragroturisme.com\/#website","url":"https:\/\/www.sonfloragroturisme.com\/","name":"Son Flor Agroturisme","description":"","publisher":{"@id":"https:\/\/www.sonfloragroturisme.com\/#organization"},"potentialAction":[{"@type":"SearchAction","target":{"@type":"EntryPoint","urlTemplate":"https:\/\/www.sonfloragroturisme.com\/?s={search_term_string}"},"query-input":{"@type":"PropertyValueSpecification","valueRequired":true,"valueName":"search_term_string"}}],"inLanguage":"fr-FR"},{"@type":"Organization","@id":"https:\/\/www.sonfloragroturisme.com\/#organization","name":"Son Flor Agroturisme","url":"https:\/\/www.sonfloragroturisme.com\/","logo":{"@type":"ImageObject","inLanguage":"fr-FR","@id":"https:\/\/www.sonfloragroturisme.com\/#\/schema\/logo\/image\/","url":"https:\/\/www.sonfloragroturisme.com\/wp-content\/uploads\/2025\/02\/icon.png","contentUrl":"https:\/\/www.sonfloragroturisme.com\/wp-content\/uploads\/2025\/02\/icon.png","width":1689,"height":1689,"caption":"Son Flor Agroturisme"},"image":{"@id":"https:\/\/www.sonfloragroturisme.com\/#\/schema\/logo\/image\/"},"sameAs":["https:\/\/www.facebook.com\/sonfloragroturisme","https:\/\/www.instagram.com\/sonfloragroturisme\/"]}]}},"_links":{"self":[{"href":"https:\/\/www.sonfloragroturisme.com\/fr\/wp-json\/wp\/v2\/pages\/1639","targetHints":{"allow":["GET"]}}],"collection":[{"href":"https:\/\/www.sonfloragroturisme.com\/fr\/wp-json\/wp\/v2\/pages"}],"about":[{"href":"https:\/\/www.sonfloragroturisme.com\/fr\/wp-json\/wp\/v2\/types\/page"}],"author":[{"embeddable":true,"href":"https:\/\/www.sonfloragroturisme.com\/fr\/wp-json\/wp\/v2\/users\/2"}],"replies":[{"embeddable":true,"href":"https:\/\/www.sonfloragroturisme.com\/fr\/wp-json\/wp\/v2\/comments?post=1639"}],"version-history":[{"count":4,"href":"https:\/\/www.sonfloragroturisme.com\/fr\/wp-json\/wp\/v2\/pages\/1639\/revisions"}],"predecessor-version":[{"id":1647,"href":"https:\/\/www.sonfloragroturisme.com\/fr\/wp-json\/wp\/v2\/pages\/1639\/revisions\/1647"}],"wp:attachment":[{"href":"https:\/\/www.sonfloragroturisme.com\/fr\/wp-json\/wp\/v2\/media?parent=1639"}],"curies":[{"name":"wp","href":"https:\/\/api.w.org\/{rel}","templated":true}]}}