{"id":1452,"date":"2024-12-03T12:59:00","date_gmt":"2024-12-03T11:59:00","guid":{"rendered":"https:\/\/www.sonfloragroturisme.com\/accueil\/"},"modified":"2025-05-02T11:16:33","modified_gmt":"2025-05-02T09:16:33","slug":"accueil","status":"publish","type":"page","link":"https:\/\/www.sonfloragroturisme.com\/fr\/","title":{"rendered":"Accueil"},"content":{"rendered":"<section class=\"l-section wpb_row us_custom_eb849559 height_custom full_height valign_center\"><div class=\"l-section-overlay\" style=\"background:rgba(122,190,151,0.25)\"><\/div><div class=\"l-section-h i-cf\"><div class=\"g-cols vc_row via_grid cols_1 laptops-cols_inherit tablets-cols_inherit mobiles-cols_1 valign_middle type_default stacking_default\"><div class=\"wpb_column vc_column_container\"><div class=\"vc_column-inner\"><div class=\"wpb_text_column us_custom_241e66b1 has_text_color us_animate_this\"><div class=\"wpb_wrapper\"><h2>Nature<br \/>\nPaix<br \/>\nSilence<\/h2>\n<\/div><\/div><div class=\"w-btn-wrapper align_center\"><button class=\"w-btn us-btn-style_4 us_custom_2efcfe11 reservar us_animate_this\"><span class=\"w-btn-label\">R\u00e9server<\/span><\/button><\/div><\/div><\/div><\/div><\/div><\/section><section class=\"l-section wpb_row height_custom with_img parallax_ver parallaxdir_reversed\"><div class=\"l-section-img\" role=\"img\" aria-label=\"Image\" data-img-width=\"4434\" data-img-height=\"2469\" style=\"background-image: url(https:\/\/www.sonfloragroturisme.com\/wp-content\/uploads\/2025\/02\/ornament-complet.png);background-repeat: no-repeat;background-size: contain;\"><\/div><div class=\"l-section-overlay\" style=\"background:var(--color-custom)\"><\/div><div class=\"l-section-h i-cf\"><div class=\"g-cols vc_row via_grid cols_1-2-1 laptops-cols_inherit tablets-cols_inherit mobiles-cols_1 valign_top type_default stacking_default\"><div class=\"wpb_column vc_column_container\"><div class=\"vc_column-inner\"><\/div><\/div><div class=\"wpb_column vc_column_container\"><div class=\"vc_column-inner\"><div class=\"w-separator size_huge\"><\/div><div class=\"wpb_text_column us_custom_60e9caca us_animate_this\"><div class=\"wpb_wrapper\"><h4 style=\"text-align: center;\">Son Flor, un agrotourisme authentique entour\u00e9 de nature, au nord de Majorque.<\/h4>\n<\/div><\/div><div class=\"w-separator size_huge\"><\/div><\/div><\/div><div class=\"wpb_column vc_column_container\"><div class=\"vc_column-inner\"><\/div><\/div><\/div><\/div><\/section><section class=\"l-section wpb_row height_custom\"><div class=\"l-section-h i-cf\"><div class=\"g-cols vc_row via_grid cols_2-1 laptops-cols_inherit tablets-cols_inherit mobiles-cols_1 valign_top type_default reversed stacking_default\"><div class=\"wpb_column vc_column_container\"><div class=\"vc_column-inner\"><div class=\"w-separator size_large\"><\/div><div class=\"w-image us_custom_de366d1c us_animate_this align_none\"><div class=\"w-image-h\"><img decoding=\"async\" width=\"1024\" height=\"682\" src=\"https:\/\/www.sonfloragroturisme.com\/wp-content\/uploads\/2025\/02\/SonFlor-3200px-27-1024x682.jpg\" class=\"attachment-large size-large\" alt=\"\" loading=\"lazy\" srcset=\"https:\/\/www.sonfloragroturisme.com\/wp-content\/uploads\/2025\/02\/SonFlor-3200px-27-1024x682.jpg 1024w, https:\/\/www.sonfloragroturisme.com\/wp-content\/uploads\/2025\/02\/SonFlor-3200px-27-300x200.jpg 300w, https:\/\/www.sonfloragroturisme.com\/wp-content\/uploads\/2025\/02\/SonFlor-3200px-27.jpg 2000w\" sizes=\"auto, (max-width: 1024px) 100vw, 1024px\" \/><\/div><\/div><div class=\"w-separator size_large\"><\/div><\/div><\/div><div class=\"wpb_column vc_column_container\"><div class=\"vc_column-inner\"><div class=\"w-separator size_large\"><\/div><div class=\"wpb_text_column us_custom_de366d1c us_animate_this\"><div class=\"wpb_wrapper\"><h4 style=\"text-align: left;\">\u00c0 Son Flor, chaque moment partag\u00e9 est berc\u00e9 par la nature.<\/h4>\n<\/div><\/div><div class=\"w-separator size_large\"><\/div><div class=\"wpb_text_column us_custom_de366d1c us_animate_this\"><div class=\"wpb_wrapper\"><p>Son Flor vous accueille avec 12 chambres pleines de charme, entour\u00e9es de jardins vivants et d\u2019une nature g\u00e9n\u00e9reuse.<br data-start=\"352\" data-end=\"355\" \/>Profitez du calme, des piscines en plein air, et de la proximit\u00e9 de criques secr\u00e8tes, des plages du nord de Majorque et de paysages naturels uniques.<\/p>\n<\/div><\/div><\/div><\/div><\/div><\/div><\/section><section class=\"l-section wpb_row height_custom parallax_ver\"><div class=\"l-section-overlay\" style=\"background:var(--color-custom)\"><\/div><div class=\"l-section-h i-cf\"><div class=\"g-cols vc_row via_grid cols_1 laptops-cols_inherit tablets-cols_inherit mobiles-cols_1 valign_top type_default stacking_default\"><div class=\"wpb_column vc_column_container\"><div class=\"vc_column-inner\"><div class=\"w-separator size_large\"><\/div><div class=\"wpb_text_column us_custom_792b109b has_text_color us_animate_this\"><div class=\"wpb_wrapper\"><h2 style=\"text-align: center;\">D\u00e9couvrez ce qui rend ce lieu si sp\u00e9cial<\/h2>\n<\/div><\/div><\/div><\/div><\/div><\/div><\/section><section class=\"l-section wpb_row height_custom parallax_ver\"><div class=\"l-section-overlay\" style=\"background:var(--color-custom)\"><\/div><div class=\"l-section-h i-cf\"><div class=\"g-cols vc_row via_grid cols_3 laptops-cols_inherit tablets-cols_inherit mobiles-cols_1 valign_top type_default stacking_default\"><div class=\"wpb_column vc_column_container\"><div class=\"vc_column-inner\"><div class=\"w-ibanner us_custom_60e9caca us_animate_this animation_melete ratio_1x1 easing_ease\"><a href=\"https:\/\/www.sonfloragroturisme.com\/fr\/sejours\/\" aria-label=\"S\u00e9jours\"><\/a><div class=\"w-ibanner-h\"><div class=\"w-ibanner-image\" style=\"background-image: url(https:\/\/www.sonfloragroturisme.com\/wp-content\/uploads\/2025\/02\/SonFlor-3200px-31-1024x682.jpg)\"><\/div><div class=\"w-ibanner-content\"><div class=\"w-ibanner-content-h\"><h6 class=\"w-ibanner-title\">S\u00e9jours<\/h6><div class=\"w-ibanner-desc\"><p>Nous proposons 12 s\u00e9jours, tous uniques, con\u00e7us pour satisfaire tous les types de visiteurs : couples, familles ou groupes en qu\u00eate de calme et de tranquillit\u00e9 dans un cadre naturel.<br \/>\n<b>D\u00e9couvrez celle qui vous correspond le mieux !<\/b><\/p>\n<\/div><\/div><\/div><\/div><\/div><div class=\"w-separator size_large\"><\/div><\/div><\/div><div class=\"wpb_column vc_column_container\"><div class=\"vc_column-inner\"><div class=\"w-ibanner us_custom_60e9caca us_animate_this animation_melete ratio_1x1 easing_ease\"><a href=\"https:\/\/www.sonfloragroturisme.com\/fr\/services\/\" aria-label=\"Services\"><\/a><div class=\"w-ibanner-h\"><div class=\"w-ibanner-image\" style=\"background-image: url(https:\/\/www.sonfloragroturisme.com\/wp-content\/uploads\/2025\/02\/SonFlor-3200px-44-1024x682.jpg)\"><\/div><div class=\"w-ibanner-content\"><div class=\"w-ibanner-content-h\"><h6 class=\"w-ibanner-title\">Services<\/h6><div class=\"w-ibanner-desc\"><p>Au Son Flor, vous trouverez tout ce dont vous avez besoin pour un s\u00e9jour agr\u00e9able : deux piscines, des espaces communs, le wifi, un parking et une attention particuli\u00e8re.<br \/>\n<b>Appr\u00e9ciez chaque d\u00e9tail con\u00e7u pour votre confort et bien-\u00eatre.<\/b><\/p>\n<\/div><\/div><\/div><\/div><\/div><div class=\"w-separator size_large\"><\/div><\/div><\/div><div class=\"wpb_column vc_column_container\"><div class=\"vc_column-inner\"><div class=\"w-ibanner us_custom_60e9caca us_animate_this animation_melete ratio_1x1 easing_ease\"><a href=\"https:\/\/www.sonfloragroturisme.com\/fr\/environnement\/\" aria-label=\"Environnement\"><\/a><div class=\"w-ibanner-h\"><div class=\"w-ibanner-image\" style=\"background-image: url(https:\/\/www.sonfloragroturisme.com\/wp-content\/uploads\/son_real.jpg)\"><\/div><div class=\"w-ibanner-content\"><div class=\"w-ibanner-content-h\"><h6 class=\"w-ibanner-title\">Environnement<\/h6><div class=\"w-ibanner-desc\"><p>Entour\u00e9 par la nature m\u00e9diterran\u00e9enne, Son Flor se trouve dans un cadre paisible, au c\u0153ur de jardins soign\u00e9s, de champs et \u00e0 proximit\u00e9 des plages, des routes et des paysages du nord de Majorque.<br \/>\n<b>Explorez les environs et laissez-vous s\u00e9duire par leur beaut\u00e9.<\/b><\/p>\n<\/div><\/div><\/div><\/div><\/div><div class=\"w-separator size_large\"><\/div><\/div><\/div><\/div><\/div><\/section>\n","protected":false},"excerpt":{"rendered":"Nature Paix Silence R\u00e9serverSon Flor, un agrotourisme authentique entour\u00e9 de nature, au nord de Majorque. \u00c0 Son Flor, chaque moment partag\u00e9 est berc\u00e9 par la nature. Son Flor vous accueille avec 12 chambres pleines de charme, entour\u00e9es de jardins vivants et d\u2019une nature g\u00e9n\u00e9reuse.Profitez du calme, des piscines en plein air, et de la proximit\u00e9...","protected":false},"author":1,"featured_media":23,"parent":0,"menu_order":0,"comment_status":"closed","ping_status":"closed","template":"","meta":{"_acf_changed":false,"footnotes":""},"class_list":["post-1452","page","type-page","status-publish","has-post-thumbnail","hentry"],"acf":[],"yoast_head":"<!-- This site is optimized with the Yoast SEO plugin v27.4 - https:\/\/yoast.com\/product\/yoast-seo-wordpress\/ -->\n<title>Accueil - Son Flor Agroturisme<\/title>\n<meta name=\"robots\" content=\"index, follow, max-snippet:-1, max-image-preview:large, max-video-preview:-1\" \/>\n<link rel=\"canonical\" href=\"https:\/\/www.sonfloragroturisme.com\/fr\/accueil\/\" \/>\n<meta property=\"og:locale\" content=\"fr_FR\" \/>\n<meta property=\"og:type\" content=\"article\" \/>\n<meta property=\"og:title\" content=\"Accueil - Son Flor Agroturisme\" \/>\n<meta property=\"og:url\" content=\"https:\/\/www.sonfloragroturisme.com\/fr\/accueil\/\" \/>\n<meta property=\"og:site_name\" content=\"Son Flor Agroturisme\" \/>\n<meta property=\"article:publisher\" content=\"https:\/\/www.facebook.com\/sonfloragroturisme\" \/>\n<meta property=\"article:modified_time\" content=\"2025-05-02T09:16:33+00:00\" \/>\n<meta property=\"og:image\" content=\"https:\/\/www.sonfloragroturisme.com\/wp-content\/uploads\/2024\/12\/sonflor-agroturisme-mallorca.jpg\" \/>\n\t<meta property=\"og:image:width\" content=\"1920\" \/>\n\t<meta property=\"og:image:height\" content=\"1440\" \/>\n\t<meta property=\"og:image:type\" content=\"image\/jpeg\" \/>\n<meta name=\"twitter:card\" content=\"summary_large_image\" \/>\n<meta name=\"twitter:label1\" content=\"Dur\u00e9e de lecture estim\u00e9e\" \/>\n\t<meta name=\"twitter:data1\" content=\"4 minutes\" \/>\n<script type=\"application\/ld+json\" class=\"yoast-schema-graph\">{\"@context\":\"https:\\\/\\\/schema.org\",\"@graph\":[{\"@type\":\"WebPage\",\"@id\":\"https:\\\/\\\/www.sonfloragroturisme.com\\\/fr\\\/accueil\\\/\",\"url\":\"https:\\\/\\\/www.sonfloragroturisme.com\\\/fr\\\/accueil\\\/\",\"name\":\"Accueil - Son Flor Agroturisme\",\"isPartOf\":{\"@id\":\"https:\\\/\\\/www.sonfloragroturisme.com\\\/#website\"},\"primaryImageOfPage\":{\"@id\":\"https:\\\/\\\/www.sonfloragroturisme.com\\\/fr\\\/accueil\\\/#primaryimage\"},\"image\":{\"@id\":\"https:\\\/\\\/www.sonfloragroturisme.com\\\/fr\\\/accueil\\\/#primaryimage\"},\"thumbnailUrl\":\"https:\\\/\\\/www.sonfloragroturisme.com\\\/wp-content\\\/uploads\\\/2024\\\/12\\\/sonflor-agroturisme-mallorca.jpg\",\"datePublished\":\"2024-12-03T11:59:00+00:00\",\"dateModified\":\"2025-05-02T09:16:33+00:00\",\"breadcrumb\":{\"@id\":\"https:\\\/\\\/www.sonfloragroturisme.com\\\/fr\\\/accueil\\\/#breadcrumb\"},\"inLanguage\":\"fr-FR\",\"potentialAction\":[{\"@type\":\"ReadAction\",\"target\":[\"https:\\\/\\\/www.sonfloragroturisme.com\\\/fr\\\/accueil\\\/\"]}]},{\"@type\":\"ImageObject\",\"inLanguage\":\"fr-FR\",\"@id\":\"https:\\\/\\\/www.sonfloragroturisme.com\\\/fr\\\/accueil\\\/#primaryimage\",\"url\":\"https:\\\/\\\/www.sonfloragroturisme.com\\\/wp-content\\\/uploads\\\/2024\\\/12\\\/sonflor-agroturisme-mallorca.jpg\",\"contentUrl\":\"https:\\\/\\\/www.sonfloragroturisme.com\\\/wp-content\\\/uploads\\\/2024\\\/12\\\/sonflor-agroturisme-mallorca.jpg\",\"width\":1920,\"height\":1440,\"caption\":\"mockups-design.com\"},{\"@type\":\"BreadcrumbList\",\"@id\":\"https:\\\/\\\/www.sonfloragroturisme.com\\\/fr\\\/accueil\\\/#breadcrumb\",\"itemListElement\":[{\"@type\":\"ListItem\",\"position\":1,\"name\":\"Portada\",\"item\":\"https:\\\/\\\/www.sonfloragroturisme.com\\\/fr\\\/accueil\\\/\"},{\"@type\":\"ListItem\",\"position\":2,\"name\":\"Accueil\"}]},{\"@type\":\"WebSite\",\"@id\":\"https:\\\/\\\/www.sonfloragroturisme.com\\\/#website\",\"url\":\"https:\\\/\\\/www.sonfloragroturisme.com\\\/\",\"name\":\"Son Flor Agroturisme\",\"description\":\"\",\"publisher\":{\"@id\":\"https:\\\/\\\/www.sonfloragroturisme.com\\\/#organization\"},\"potentialAction\":[{\"@type\":\"SearchAction\",\"target\":{\"@type\":\"EntryPoint\",\"urlTemplate\":\"https:\\\/\\\/www.sonfloragroturisme.com\\\/?s={search_term_string}\"},\"query-input\":{\"@type\":\"PropertyValueSpecification\",\"valueRequired\":true,\"valueName\":\"search_term_string\"}}],\"inLanguage\":\"fr-FR\"},{\"@type\":\"Organization\",\"@id\":\"https:\\\/\\\/www.sonfloragroturisme.com\\\/#organization\",\"name\":\"Son Flor Agroturisme\",\"url\":\"https:\\\/\\\/www.sonfloragroturisme.com\\\/\",\"logo\":{\"@type\":\"ImageObject\",\"inLanguage\":\"fr-FR\",\"@id\":\"https:\\\/\\\/www.sonfloragroturisme.com\\\/#\\\/schema\\\/logo\\\/image\\\/\",\"url\":\"https:\\\/\\\/www.sonfloragroturisme.com\\\/wp-content\\\/uploads\\\/2025\\\/02\\\/icon.png\",\"contentUrl\":\"https:\\\/\\\/www.sonfloragroturisme.com\\\/wp-content\\\/uploads\\\/2025\\\/02\\\/icon.png\",\"width\":1689,\"height\":1689,\"caption\":\"Son Flor Agroturisme\"},\"image\":{\"@id\":\"https:\\\/\\\/www.sonfloragroturisme.com\\\/#\\\/schema\\\/logo\\\/image\\\/\"},\"sameAs\":[\"https:\\\/\\\/www.facebook.com\\\/sonfloragroturisme\",\"https:\\\/\\\/www.instagram.com\\\/sonfloragroturisme\\\/\"]}]}<\/script>\n<!-- \/ Yoast SEO plugin. -->","yoast_head_json":{"title":"Accueil - Son Flor Agroturisme","robots":{"index":"index","follow":"follow","max-snippet":"max-snippet:-1","max-image-preview":"max-image-preview:large","max-video-preview":"max-video-preview:-1"},"canonical":"https:\/\/www.sonfloragroturisme.com\/fr\/accueil\/","og_locale":"fr_FR","og_type":"article","og_title":"Accueil - Son Flor Agroturisme","og_url":"https:\/\/www.sonfloragroturisme.com\/fr\/accueil\/","og_site_name":"Son Flor Agroturisme","article_publisher":"https:\/\/www.facebook.com\/sonfloragroturisme","article_modified_time":"2025-05-02T09:16:33+00:00","og_image":[{"width":1920,"height":1440,"url":"https:\/\/www.sonfloragroturisme.com\/wp-content\/uploads\/2024\/12\/sonflor-agroturisme-mallorca.jpg","type":"image\/jpeg"}],"twitter_card":"summary_large_image","twitter_misc":{"Dur\u00e9e de lecture estim\u00e9e":"4 minutes"},"schema":{"@context":"https:\/\/schema.org","@graph":[{"@type":"WebPage","@id":"https:\/\/www.sonfloragroturisme.com\/fr\/accueil\/","url":"https:\/\/www.sonfloragroturisme.com\/fr\/accueil\/","name":"Accueil - Son Flor Agroturisme","isPartOf":{"@id":"https:\/\/www.sonfloragroturisme.com\/#website"},"primaryImageOfPage":{"@id":"https:\/\/www.sonfloragroturisme.com\/fr\/accueil\/#primaryimage"},"image":{"@id":"https:\/\/www.sonfloragroturisme.com\/fr\/accueil\/#primaryimage"},"thumbnailUrl":"https:\/\/www.sonfloragroturisme.com\/wp-content\/uploads\/2024\/12\/sonflor-agroturisme-mallorca.jpg","datePublished":"2024-12-03T11:59:00+00:00","dateModified":"2025-05-02T09:16:33+00:00","breadcrumb":{"@id":"https:\/\/www.sonfloragroturisme.com\/fr\/accueil\/#breadcrumb"},"inLanguage":"fr-FR","potentialAction":[{"@type":"ReadAction","target":["https:\/\/www.sonfloragroturisme.com\/fr\/accueil\/"]}]},{"@type":"ImageObject","inLanguage":"fr-FR","@id":"https:\/\/www.sonfloragroturisme.com\/fr\/accueil\/#primaryimage","url":"https:\/\/www.sonfloragroturisme.com\/wp-content\/uploads\/2024\/12\/sonflor-agroturisme-mallorca.jpg","contentUrl":"https:\/\/www.sonfloragroturisme.com\/wp-content\/uploads\/2024\/12\/sonflor-agroturisme-mallorca.jpg","width":1920,"height":1440,"caption":"mockups-design.com"},{"@type":"BreadcrumbList","@id":"https:\/\/www.sonfloragroturisme.com\/fr\/accueil\/#breadcrumb","itemListElement":[{"@type":"ListItem","position":1,"name":"Portada","item":"https:\/\/www.sonfloragroturisme.com\/fr\/accueil\/"},{"@type":"ListItem","position":2,"name":"Accueil"}]},{"@type":"WebSite","@id":"https:\/\/www.sonfloragroturisme.com\/#website","url":"https:\/\/www.sonfloragroturisme.com\/","name":"Son Flor Agroturisme","description":"","publisher":{"@id":"https:\/\/www.sonfloragroturisme.com\/#organization"},"potentialAction":[{"@type":"SearchAction","target":{"@type":"EntryPoint","urlTemplate":"https:\/\/www.sonfloragroturisme.com\/?s={search_term_string}"},"query-input":{"@type":"PropertyValueSpecification","valueRequired":true,"valueName":"search_term_string"}}],"inLanguage":"fr-FR"},{"@type":"Organization","@id":"https:\/\/www.sonfloragroturisme.com\/#organization","name":"Son Flor Agroturisme","url":"https:\/\/www.sonfloragroturisme.com\/","logo":{"@type":"ImageObject","inLanguage":"fr-FR","@id":"https:\/\/www.sonfloragroturisme.com\/#\/schema\/logo\/image\/","url":"https:\/\/www.sonfloragroturisme.com\/wp-content\/uploads\/2025\/02\/icon.png","contentUrl":"https:\/\/www.sonfloragroturisme.com\/wp-content\/uploads\/2025\/02\/icon.png","width":1689,"height":1689,"caption":"Son Flor Agroturisme"},"image":{"@id":"https:\/\/www.sonfloragroturisme.com\/#\/schema\/logo\/image\/"},"sameAs":["https:\/\/www.facebook.com\/sonfloragroturisme","https:\/\/www.instagram.com\/sonfloragroturisme\/"]}]}},"_links":{"self":[{"href":"https:\/\/www.sonfloragroturisme.com\/fr\/wp-json\/wp\/v2\/pages\/1452","targetHints":{"allow":["GET"]}}],"collection":[{"href":"https:\/\/www.sonfloragroturisme.com\/fr\/wp-json\/wp\/v2\/pages"}],"about":[{"href":"https:\/\/www.sonfloragroturisme.com\/fr\/wp-json\/wp\/v2\/types\/page"}],"author":[{"embeddable":true,"href":"https:\/\/www.sonfloragroturisme.com\/fr\/wp-json\/wp\/v2\/users\/1"}],"replies":[{"embeddable":true,"href":"https:\/\/www.sonfloragroturisme.com\/fr\/wp-json\/wp\/v2\/comments?post=1452"}],"version-history":[{"count":10,"href":"https:\/\/www.sonfloragroturisme.com\/fr\/wp-json\/wp\/v2\/pages\/1452\/revisions"}],"predecessor-version":[{"id":1588,"href":"https:\/\/www.sonfloragroturisme.com\/fr\/wp-json\/wp\/v2\/pages\/1452\/revisions\/1588"}],"wp:featuredmedia":[{"embeddable":true,"href":"https:\/\/www.sonfloragroturisme.com\/fr\/wp-json\/wp\/v2\/media\/23"}],"wp:attachment":[{"href":"https:\/\/www.sonfloragroturisme.com\/fr\/wp-json\/wp\/v2\/media?parent=1452"}],"curies":[{"name":"wp","href":"https:\/\/api.w.org\/{rel}","templated":true}]}}