{"id":1642,"date":"2025-05-13T09:50:51","date_gmt":"2025-05-13T07:50:51","guid":{"rendered":"https:\/\/www.sonfloragroturisme.com\/bedingungen-und-konditionen\/"},"modified":"2025-05-13T11:28:18","modified_gmt":"2025-05-13T09:28:18","slug":"bedingungen-und-konditionen","status":"publish","type":"page","link":"https:\/\/www.sonfloragroturisme.com\/de\/bedingungen-und-konditionen\/","title":{"rendered":"Bedingungen und Konditionen"},"content":{"rendered":"<section class=\"l-section wpb_row height_custom\"><div class=\"l-section-h i-cf\"><div class=\"g-cols vc_row via_grid cols_1 laptops-cols_inherit tablets-cols_inherit mobiles-cols_1 valign_top type_default stacking_default\"><div class=\"wpb_column vc_column_container\"><div class=\"vc_column-inner\"><div class=\"w-separator size_large\"><\/div><div class=\"wpb_text_column\"><div class=\"wpb_wrapper\"><h3><span class=\"_fadeIn_m1hgl_8\">Allgemeine <\/span><span class=\"_fadeIn_m1hgl_8\">Gesch\u00e4ftsbedingungen<\/span><\/h3>\n<\/div><\/div><\/div><\/div><\/div><\/div><\/section><section class=\"l-section wpb_row height_custom\"><div class=\"l-section-h i-cf\"><div class=\"g-cols vc_row via_grid cols_1 laptops-cols_inherit tablets-cols_inherit mobiles-cols_1 valign_top type_default stacking_default\"><div class=\"wpb_column vc_column_container\"><div class=\"vc_column-inner\"><div class=\"wpb_text_column\"><div class=\"wpb_wrapper\"><h4 class=\"s3\"><span>Zeitpl\u00e4n:<\/span><\/h4>\n<ul>\n<li class=\"s3\"><span class=\"_fadeIn_m1hgl_8\">Check-<\/span><span class=\"_fadeIn_m1hgl_8\">in <\/span><span class=\"_fadeIn_m1hgl_8\">von <\/span><span class=\"_fadeIn_m1hgl_8\">16:<\/span><span class=\"_fadeIn_m1hgl_8\">00 <\/span><span class=\"_fadeIn_m1hgl_8\">bis <\/span><span class=\"_fadeIn_m1hgl_8\">19:<\/span><span class=\"_fadeIn_m1hgl_8\">00 <\/span><span class=\"_fadeIn_m1hgl_8\">Uhr. <\/span><span class=\"_fadeIn_m1hgl_8\">Sp\u00e4ter <\/span><span class=\"_fadeIn_m1hgl_8\">Check-<\/span><span class=\"_fadeIn_m1hgl_8\">in <\/span><span class=\"_fadeIn_m1hgl_8\">auf <\/span><span class=\"_fadeIn_m1hgl_8\">Anfrage <\/span><span class=\"_fadeIn_m1hgl_8\">m\u00f6glich.<\/span><\/li>\n<li class=\"s3\"><span class=\"_fadeIn_m1hgl_8\">Check-<\/span><span class=\"_fadeIn_m1hgl_8\">out <\/span><span class=\"_fadeIn_m1hgl_8\">bis <\/span><span class=\"_fadeIn_m1hgl_8\">10:<\/span><span class=\"_fadeIn_m1hgl_8\">00 <\/span><span class=\"_fadeIn_m1hgl_8\">Uhr. <\/span><span class=\"_fadeIn_m1hgl_8\">Sp\u00e4ter <\/span><span class=\"_fadeIn_m1hgl_8\">Check-<\/span><span class=\"_fadeIn_m1hgl_8\">out <\/span><span class=\"_fadeIn_m1hgl_8\">auf <\/span><span class=\"_fadeIn_m1hgl_8\">Anfrage <\/span><span class=\"_fadeIn_m1hgl_8\">m\u00f6glich.<\/span><\/li>\n<\/ul>\n<h4><strong data-start=\"414\" data-end=\"442\"><span class=\"_fadeIn_m1hgl_8\">Buchung <\/span><span class=\"_fadeIn_m1hgl_8\">und <\/span><span class=\"_fadeIn_m1hgl_8\">Stornierung:<\/span><\/strong><\/h4>\n<ul>\n<li class=\"s3\">\n<p data-start=\"414\" data-end=\"826\"><span class=\"_fadeIn_m1hgl_8\">Die <\/span><span class=\"_fadeIn_m1hgl_8\">Buchung <\/span><span class=\"_fadeIn_m1hgl_8\">erfolgt <\/span><span class=\"_fadeIn_m1hgl_8\">\u00fcber <\/span><a class=\"\" href=\"http:\/\/www.sonfloragroturisme.com\" target=\"_new\" rel=\"noopener\" data-start=\"470\" data-end=\"533\"><span class=\"_fadeIn_m1hgl_8\">www.<\/span><span class=\"_fadeIn_m1hgl_8\">sonfloragroturisme.<\/span><span class=\"_fadeIn_m1hgl_8\">com<\/span><\/a><span class=\"_fadeIn_m1hgl_8\">.<\/span><br data-start=\"534\" data-end=\"537\" \/><span class=\"_fadeIn_m1hgl_8\">50\u202f% <\/span><span class=\"_fadeIn_m1hgl_8\">des <\/span><span class=\"_fadeIn_m1hgl_8\">Gesamtbetrags <\/span><span class=\"_fadeIn_m1hgl_8\">sind <\/span><span class=\"_fadeIn_m1hgl_8\">bei <\/span><span class=\"_fadeIn_m1hgl_8\">der <\/span><span class=\"_fadeIn_m1hgl_8\">Buchung <\/span><span class=\"_fadeIn_m1hgl_8\">zu <\/span><span class=\"_fadeIn_m1hgl_8\">zahlen. <\/span><span class=\"_fadeIn_m1hgl_8\">Der <\/span><span class=\"_fadeIn_m1hgl_8\">Restbetrag <\/span><span class=\"_fadeIn_m1hgl_8\">kann <\/span><span class=\"_fadeIn_m1hgl_8\">vor <\/span><span class=\"_fadeIn_m1hgl_8\">Ort <\/span><span class=\"_fadeIn_m1hgl_8\">beglichen <\/span><span class=\"_fadeIn_m1hgl_8\">werden.<\/span><\/p>\n<\/li>\n<li class=\"s3\">\n<p data-start=\"414\" data-end=\"826\"><span class=\"_fadeIn_m1hgl_8\"><\/span><span class=\"_fadeIn_m1hgl_8\">Kostenlose <\/span><span class=\"_fadeIn_m1hgl_8\">Stornierung <\/span><span class=\"_fadeIn_m1hgl_8\">bis <\/span><span class=\"_fadeIn_m1hgl_8\">7 <\/span><span class=\"_fadeIn_m1hgl_8\">Tage <\/span><span class=\"_fadeIn_m1hgl_8\">vor <\/span><span class=\"_fadeIn_m1hgl_8\">dem <\/span><span class=\"_fadeIn_m1hgl_8\">Anreisedatum. <\/span><span class=\"_fadeIn_m1hgl_8\">Bei <\/span><span class=\"_fadeIn_m1hgl_8\">sp\u00e4terer <\/span><span class=\"_fadeIn_m1hgl_8\">Stornierung <\/span><span class=\"_fadeIn_m1hgl_8\">wird <\/span><span class=\"_fadeIn_m1hgl_8\">der <\/span><span class=\"_fadeIn_m1hgl_8\">volle <\/span><span class=\"_fadeIn_m1hgl_8\">Betrag <\/span><span class=\"_fadeIn_m1hgl_8\">berechnet.<\/span><\/p>\n<\/li>\n<li class=\"s3\">\n<p data-start=\"414\" data-end=\"826\"><span class=\"_fadeIn_m1hgl_8\"><\/span><span class=\"_fadeIn_m1hgl_8\">Erstattungen <\/span><span class=\"_fadeIn_m1hgl_8\">erfolgen <\/span><span class=\"_fadeIn_m1hgl_8\">auf <\/span><span class=\"_fadeIn_m1hgl_8\">demselben <\/span><span class=\"_fadeIn_m1hgl_8\">Weg <\/span><span class=\"_fadeIn_m1hgl_8\">wie <\/span><span class=\"_fadeIn_m1hgl_8\">die <\/span><span class=\"_fadeIn_m1hgl_8\">urspr\u00fcngliche <\/span><span class=\"_fadeIn_m1hgl_8\">Zahlung.<\/span><span class=\"_fadeIn_m1hgl_8\"><\/span><\/p>\n<\/li>\n<li class=\"s3\">\n<p data-start=\"414\" data-end=\"826\"><span class=\"_fadeIn_m1hgl_8\"><\/span><span class=\"_fadeIn_m1hgl_8\">Eine <\/span><span class=\"_fadeIn_m1hgl_8\">Kaution <\/span><span class=\"_fadeIn_m1hgl_8\">von <\/span><span class=\"_fadeIn_m1hgl_8\">200\u202f\u20ac <\/span><span class=\"_fadeIn_m1hgl_8\">wird <\/span><span class=\"_fadeIn_m1hgl_8\">am <\/span><span class=\"_fadeIn_m1hgl_8\">Anreisetag <\/span><span class=\"_fadeIn_m1hgl_8\">per <\/span><span class=\"_fadeIn_m1hgl_8\">Kreditkarte <\/span><span class=\"_fadeIn_m1hgl_8\">eingezogen. <\/span><span class=\"_fadeIn_m1hgl_8\">Bei <\/span><span class=\"_fadeIn_m1hgl_8\">schadensfreier <\/span><span class=\"_fadeIn_m1hgl_8\">R\u00fcckgabe <\/span><span class=\"_fadeIn_m1hgl_8\">wird <\/span><span class=\"_fadeIn_m1hgl_8\">die <\/span><span class=\"_fadeIn_m1hgl_8\">Kaution <\/span><span class=\"_fadeIn_m1hgl_8\">innerhalb <\/span><span class=\"_fadeIn_m1hgl_8\">von <\/span><span class=\"_fadeIn_m1hgl_8\">maximal <\/span><span class=\"_fadeIn_m1hgl_8\">7 <\/span><span class=\"_fadeIn_m1hgl_8\">Tagen <\/span><span class=\"_fadeIn_m1hgl_8\">nach <\/span><span class=\"_fadeIn_m1hgl_8\">Abreise <\/span><span class=\"_fadeIn_m1hgl_8\">zur\u00fcckerstattet.<\/span><\/p>\n<\/li>\n<\/ul>\n<h4><strong data-start=\"1004\" data-end=\"1017\"><span class=\"_fadeIn_m1hgl_8\">Hinweise<\/span><\/strong>:<\/h4>\n<ul>\n<li class=\"s3\"><span class=\"_fadeIn_m1hgl_8\">Die <\/span><span class=\"_fadeIn_m1hgl_8\">Touristensteuer <\/span><span class=\"_fadeIn_m1hgl_8\">ist <\/span><span class=\"_fadeIn_m1hgl_8\">vor <\/span><span class=\"_fadeIn_m1hgl_8\">Ort <\/span><span class=\"_fadeIn_m1hgl_8\">zu <\/span><span class=\"_fadeIn_m1hgl_8\">entrichten.<\/span><\/li>\n<li class=\"s3\"><span class=\"_fadeIn_m1hgl_8\">Haustiere <\/span><span class=\"_fadeIn_m1hgl_8\">sind <\/span><span class=\"_fadeIn_m1hgl_8\">nicht <\/span><span class=\"_fadeIn_m1hgl_8\">erlaubt.<\/span><\/li>\n<li class=\"s3\"><span class=\"_fadeIn_m1hgl_8\">Zustellbetten <\/span><span class=\"_fadeIn_m1hgl_8\">k\u00f6nnen <\/span><span class=\"_fadeIn_m1hgl_8\">auf <\/span><span class=\"_fadeIn_m1hgl_8\">Anfrage <\/span><span class=\"_fadeIn_m1hgl_8\">und <\/span><span class=\"_fadeIn_m1hgl_8\">je <\/span><span class=\"_fadeIn_m1hgl_8\">nach <\/span><span class=\"_fadeIn_m1hgl_8\">Verf\u00fcgbarkeit <\/span><span class=\"_fadeIn_m1hgl_8\">gegen <\/span><span class=\"_fadeIn_m1hgl_8\">Aufpreis <\/span><span class=\"_fadeIn_m1hgl_8\">bereitgestellt <\/span><span class=\"_fadeIn_m1hgl_8\">werden.<\/span><\/li>\n<li class=\"s3\"><span class=\"_fadeIn_m1hgl_8\">Die <\/span><span class=\"_fadeIn_m1hgl_8\">\u00dcberschreitung <\/span><span class=\"_fadeIn_m1hgl_8\">der <\/span><span class=\"_fadeIn_m1hgl_8\">maximalen <\/span><span class=\"_fadeIn_m1hgl_8\">Belegung <\/span><span class=\"_fadeIn_m1hgl_8\">ohne <\/span><span class=\"_fadeIn_m1hgl_8\">Genehmigung <\/span><span class=\"_fadeIn_m1hgl_8\">kann <\/span><span class=\"_fadeIn_m1hgl_8\">zur <\/span><span class=\"_fadeIn_m1hgl_8\">Stornierung <\/span><span class=\"_fadeIn_m1hgl_8\">oder <\/span><span class=\"_fadeIn_m1hgl_8\">Ablehnung <\/span><span class=\"_fadeIn_m1hgl_8\">der <\/span><span class=\"_fadeIn_m1hgl_8\">Buchung <\/span><span class=\"_fadeIn_m1hgl_8\">f\u00fchren.<\/span><\/li>\n<li class=\"s3\"><span class=\"_fadeIn_m1hgl_8\">Jegliche <\/span><span class=\"_fadeIn_m1hgl_8\">Art <\/span><span class=\"_fadeIn_m1hgl_8\">von <\/span><span class=\"_fadeIn_m1hgl_8\">Feier <\/span><span class=\"_fadeIn_m1hgl_8\">oder <\/span><span class=\"_fadeIn_m1hgl_8\">Veranstaltung <\/span><span class=\"_fadeIn_m1hgl_8\">ist <\/span><span class=\"_fadeIn_m1hgl_8\">ohne <\/span><span class=\"_fadeIn_m1hgl_8\">vorherige <\/span><span class=\"_fadeIn_m1hgl_8\">Genehmigung <\/span><span class=\"_fadeIn_m1hgl_8\">untersagt.<\/span><\/li>\n<\/ul>\n<\/div><\/div><div class=\"w-separator size_large\"><\/div><\/div><\/div><\/div><\/div><\/section>\n","protected":false},"excerpt":{"rendered":"Allgemeine Gesch\u00e4ftsbedingungen Zeitpl\u00e4n: Check-in von 16:00 bis 19:00 Uhr. Sp\u00e4ter Check-in auf Anfrage m\u00f6glich. Check-out bis 10:00 Uhr. Sp\u00e4ter Check-out auf Anfrage m\u00f6glich. Buchung und Stornierung: Die Buchung erfolgt \u00fcber www.sonfloragroturisme.com.50\u202f% des Gesamtbetrags sind bei der Buchung zu zahlen. Der Restbetrag kann vor Ort beglichen werden. Kostenlose Stornierung bis 7 Tage vor dem Anreisedatum. Bei...","protected":false},"author":2,"featured_media":0,"parent":0,"menu_order":0,"comment_status":"closed","ping_status":"closed","template":"","meta":{"_acf_changed":false,"footnotes":""},"class_list":["post-1642","page","type-page","status-publish","hentry"],"acf":[],"yoast_head":"<!-- This site is optimized with the Yoast SEO plugin v27.4 - https:\/\/yoast.com\/product\/yoast-seo-wordpress\/ -->\n<title>Bedingungen und Konditionen - Son Flor Agroturisme<\/title>\n<meta name=\"robots\" content=\"index, follow, max-snippet:-1, max-image-preview:large, max-video-preview:-1\" \/>\n<link rel=\"canonical\" href=\"https:\/\/www.sonfloragroturisme.com\/de\/bedingungen-und-konditionen\/\" \/>\n<meta property=\"og:locale\" content=\"de_DE\" \/>\n<meta property=\"og:type\" content=\"article\" \/>\n<meta property=\"og:title\" content=\"Bedingungen und Konditionen - Son Flor Agroturisme\" \/>\n<meta property=\"og:url\" content=\"https:\/\/www.sonfloragroturisme.com\/de\/bedingungen-und-konditionen\/\" \/>\n<meta property=\"og:site_name\" content=\"Son Flor Agroturisme\" \/>\n<meta property=\"article:publisher\" content=\"https:\/\/www.facebook.com\/sonfloragroturisme\" \/>\n<meta property=\"article:modified_time\" content=\"2025-05-13T09:28:18+00:00\" \/>\n<meta name=\"twitter:card\" content=\"summary_large_image\" \/>\n<meta name=\"twitter:label1\" content=\"Gesch\u00e4tzte Lesezeit\" \/>\n\t<meta name=\"twitter:data1\" content=\"1\u00a0Minute\" \/>\n<script type=\"application\/ld+json\" class=\"yoast-schema-graph\">{\"@context\":\"https:\\\/\\\/schema.org\",\"@graph\":[{\"@type\":\"WebPage\",\"@id\":\"https:\\\/\\\/www.sonfloragroturisme.com\\\/de\\\/bedingungen-und-konditionen\\\/\",\"url\":\"https:\\\/\\\/www.sonfloragroturisme.com\\\/de\\\/bedingungen-und-konditionen\\\/\",\"name\":\"Bedingungen und Konditionen - Son Flor Agroturisme\",\"isPartOf\":{\"@id\":\"https:\\\/\\\/www.sonfloragroturisme.com\\\/#website\"},\"datePublished\":\"2025-05-13T07:50:51+00:00\",\"dateModified\":\"2025-05-13T09:28:18+00:00\",\"breadcrumb\":{\"@id\":\"https:\\\/\\\/www.sonfloragroturisme.com\\\/de\\\/bedingungen-und-konditionen\\\/#breadcrumb\"},\"inLanguage\":\"de\",\"potentialAction\":[{\"@type\":\"ReadAction\",\"target\":[\"https:\\\/\\\/www.sonfloragroturisme.com\\\/de\\\/bedingungen-und-konditionen\\\/\"]}]},{\"@type\":\"BreadcrumbList\",\"@id\":\"https:\\\/\\\/www.sonfloragroturisme.com\\\/de\\\/bedingungen-und-konditionen\\\/#breadcrumb\",\"itemListElement\":[{\"@type\":\"ListItem\",\"position\":1,\"name\":\"Portada\",\"item\":\"https:\\\/\\\/www.sonfloragroturisme.com\\\/de\\\/startseite\\\/\"},{\"@type\":\"ListItem\",\"position\":2,\"name\":\"Bedingungen und Konditionen\"}]},{\"@type\":\"WebSite\",\"@id\":\"https:\\\/\\\/www.sonfloragroturisme.com\\\/#website\",\"url\":\"https:\\\/\\\/www.sonfloragroturisme.com\\\/\",\"name\":\"Son Flor Agroturisme\",\"description\":\"\",\"publisher\":{\"@id\":\"https:\\\/\\\/www.sonfloragroturisme.com\\\/#organization\"},\"potentialAction\":[{\"@type\":\"SearchAction\",\"target\":{\"@type\":\"EntryPoint\",\"urlTemplate\":\"https:\\\/\\\/www.sonfloragroturisme.com\\\/?s={search_term_string}\"},\"query-input\":{\"@type\":\"PropertyValueSpecification\",\"valueRequired\":true,\"valueName\":\"search_term_string\"}}],\"inLanguage\":\"de\"},{\"@type\":\"Organization\",\"@id\":\"https:\\\/\\\/www.sonfloragroturisme.com\\\/#organization\",\"name\":\"Son Flor Agroturisme\",\"url\":\"https:\\\/\\\/www.sonfloragroturisme.com\\\/\",\"logo\":{\"@type\":\"ImageObject\",\"inLanguage\":\"de\",\"@id\":\"https:\\\/\\\/www.sonfloragroturisme.com\\\/#\\\/schema\\\/logo\\\/image\\\/\",\"url\":\"https:\\\/\\\/www.sonfloragroturisme.com\\\/wp-content\\\/uploads\\\/2025\\\/02\\\/icon.png\",\"contentUrl\":\"https:\\\/\\\/www.sonfloragroturisme.com\\\/wp-content\\\/uploads\\\/2025\\\/02\\\/icon.png\",\"width\":1689,\"height\":1689,\"caption\":\"Son Flor Agroturisme\"},\"image\":{\"@id\":\"https:\\\/\\\/www.sonfloragroturisme.com\\\/#\\\/schema\\\/logo\\\/image\\\/\"},\"sameAs\":[\"https:\\\/\\\/www.facebook.com\\\/sonfloragroturisme\",\"https:\\\/\\\/www.instagram.com\\\/sonfloragroturisme\\\/\"]}]}<\/script>\n<!-- \/ Yoast SEO plugin. -->","yoast_head_json":{"title":"Bedingungen und Konditionen - Son Flor Agroturisme","robots":{"index":"index","follow":"follow","max-snippet":"max-snippet:-1","max-image-preview":"max-image-preview:large","max-video-preview":"max-video-preview:-1"},"canonical":"https:\/\/www.sonfloragroturisme.com\/de\/bedingungen-und-konditionen\/","og_locale":"de_DE","og_type":"article","og_title":"Bedingungen und Konditionen - Son Flor Agroturisme","og_url":"https:\/\/www.sonfloragroturisme.com\/de\/bedingungen-und-konditionen\/","og_site_name":"Son Flor Agroturisme","article_publisher":"https:\/\/www.facebook.com\/sonfloragroturisme","article_modified_time":"2025-05-13T09:28:18+00:00","twitter_card":"summary_large_image","twitter_misc":{"Gesch\u00e4tzte Lesezeit":"1\u00a0Minute"},"schema":{"@context":"https:\/\/schema.org","@graph":[{"@type":"WebPage","@id":"https:\/\/www.sonfloragroturisme.com\/de\/bedingungen-und-konditionen\/","url":"https:\/\/www.sonfloragroturisme.com\/de\/bedingungen-und-konditionen\/","name":"Bedingungen und Konditionen - Son Flor Agroturisme","isPartOf":{"@id":"https:\/\/www.sonfloragroturisme.com\/#website"},"datePublished":"2025-05-13T07:50:51+00:00","dateModified":"2025-05-13T09:28:18+00:00","breadcrumb":{"@id":"https:\/\/www.sonfloragroturisme.com\/de\/bedingungen-und-konditionen\/#breadcrumb"},"inLanguage":"de","potentialAction":[{"@type":"ReadAction","target":["https:\/\/www.sonfloragroturisme.com\/de\/bedingungen-und-konditionen\/"]}]},{"@type":"BreadcrumbList","@id":"https:\/\/www.sonfloragroturisme.com\/de\/bedingungen-und-konditionen\/#breadcrumb","itemListElement":[{"@type":"ListItem","position":1,"name":"Portada","item":"https:\/\/www.sonfloragroturisme.com\/de\/startseite\/"},{"@type":"ListItem","position":2,"name":"Bedingungen und Konditionen"}]},{"@type":"WebSite","@id":"https:\/\/www.sonfloragroturisme.com\/#website","url":"https:\/\/www.sonfloragroturisme.com\/","name":"Son Flor Agroturisme","description":"","publisher":{"@id":"https:\/\/www.sonfloragroturisme.com\/#organization"},"potentialAction":[{"@type":"SearchAction","target":{"@type":"EntryPoint","urlTemplate":"https:\/\/www.sonfloragroturisme.com\/?s={search_term_string}"},"query-input":{"@type":"PropertyValueSpecification","valueRequired":true,"valueName":"search_term_string"}}],"inLanguage":"de"},{"@type":"Organization","@id":"https:\/\/www.sonfloragroturisme.com\/#organization","name":"Son Flor Agroturisme","url":"https:\/\/www.sonfloragroturisme.com\/","logo":{"@type":"ImageObject","inLanguage":"de","@id":"https:\/\/www.sonfloragroturisme.com\/#\/schema\/logo\/image\/","url":"https:\/\/www.sonfloragroturisme.com\/wp-content\/uploads\/2025\/02\/icon.png","contentUrl":"https:\/\/www.sonfloragroturisme.com\/wp-content\/uploads\/2025\/02\/icon.png","width":1689,"height":1689,"caption":"Son Flor Agroturisme"},"image":{"@id":"https:\/\/www.sonfloragroturisme.com\/#\/schema\/logo\/image\/"},"sameAs":["https:\/\/www.facebook.com\/sonfloragroturisme","https:\/\/www.instagram.com\/sonfloragroturisme\/"]}]}},"_links":{"self":[{"href":"https:\/\/www.sonfloragroturisme.com\/de\/wp-json\/wp\/v2\/pages\/1642","targetHints":{"allow":["GET"]}}],"collection":[{"href":"https:\/\/www.sonfloragroturisme.com\/de\/wp-json\/wp\/v2\/pages"}],"about":[{"href":"https:\/\/www.sonfloragroturisme.com\/de\/wp-json\/wp\/v2\/types\/page"}],"author":[{"embeddable":true,"href":"https:\/\/www.sonfloragroturisme.com\/de\/wp-json\/wp\/v2\/users\/2"}],"replies":[{"embeddable":true,"href":"https:\/\/www.sonfloragroturisme.com\/de\/wp-json\/wp\/v2\/comments?post=1642"}],"version-history":[{"count":4,"href":"https:\/\/www.sonfloragroturisme.com\/de\/wp-json\/wp\/v2\/pages\/1642\/revisions"}],"predecessor-version":[{"id":1651,"href":"https:\/\/www.sonfloragroturisme.com\/de\/wp-json\/wp\/v2\/pages\/1642\/revisions\/1651"}],"wp:attachment":[{"href":"https:\/\/www.sonfloragroturisme.com\/de\/wp-json\/wp\/v2\/media?parent=1642"}],"curies":[{"name":"wp","href":"https:\/\/api.w.org\/{rel}","templated":true}]}}