{"id":1448,"date":"2024-12-03T12:59:00","date_gmt":"2024-12-03T11:59:00","guid":{"rendered":"https:\/\/www.sonfloragroturisme.com\/startseite\/"},"modified":"2025-04-30T13:18:34","modified_gmt":"2025-04-30T11:18:34","slug":"startseite","status":"publish","type":"page","link":"https:\/\/www.sonfloragroturisme.com\/de\/","title":{"rendered":"Startseite"},"content":{"rendered":"<section class=\"l-section wpb_row us_custom_eb849559 height_custom full_height valign_center\"><div class=\"l-section-overlay\" style=\"background:rgba(122,190,151,0.25)\"><\/div><div class=\"l-section-h i-cf\"><div class=\"g-cols vc_row via_grid cols_1 laptops-cols_inherit tablets-cols_inherit mobiles-cols_1 valign_middle type_default stacking_default\"><div class=\"wpb_column vc_column_container\"><div class=\"vc_column-inner\"><div class=\"wpb_text_column us_custom_241e66b1 has_text_color us_animate_this\"><div class=\"wpb_wrapper\"><h2>Natur<br \/>\nFrieden<br \/>\nStille<\/h2>\n<\/div><\/div><div class=\"w-btn-wrapper align_center\"><button class=\"w-btn us-btn-style_4 us_custom_2efcfe11 reservar us_animate_this\"><span class=\"w-btn-label\">Jetzt buchen<\/span><\/button><\/div><\/div><\/div><\/div><\/div><\/section><section class=\"l-section wpb_row height_custom with_img parallax_ver parallaxdir_reversed\"><div class=\"l-section-img\" role=\"img\" aria-label=\"Bild\" data-img-width=\"4434\" data-img-height=\"2469\" style=\"background-image: url(https:\/\/www.sonfloragroturisme.com\/wp-content\/uploads\/2025\/02\/ornament-complet.png);background-repeat: no-repeat;background-size: contain;\"><\/div><div class=\"l-section-overlay\" style=\"background:var(--color-custom)\"><\/div><div class=\"l-section-h i-cf\"><div class=\"g-cols vc_row via_grid cols_1-2-1 laptops-cols_inherit tablets-cols_inherit mobiles-cols_1 valign_top type_default stacking_default\"><div class=\"wpb_column vc_column_container\"><div class=\"vc_column-inner\"><\/div><\/div><div class=\"wpb_column vc_column_container\"><div class=\"vc_column-inner\"><div class=\"w-separator size_huge\"><\/div><div class=\"wpb_text_column us_custom_60e9caca us_animate_this\"><div class=\"wpb_wrapper\"><h4 style=\"text-align: center;\">Entdecken Sie Agrotourismus Son Flor, ein Naturrefugium im Norden von Mallorca.<\/h4>\n<\/div><\/div><div class=\"w-separator size_huge\"><\/div><\/div><\/div><div class=\"wpb_column vc_column_container\"><div class=\"vc_column-inner\"><\/div><\/div><\/div><\/div><\/section><section class=\"l-section wpb_row height_custom\"><div class=\"l-section-h i-cf\"><div class=\"g-cols vc_row via_grid cols_2-1 laptops-cols_inherit tablets-cols_inherit mobiles-cols_1 valign_top type_default reversed stacking_default\"><div class=\"wpb_column vc_column_container\"><div class=\"vc_column-inner\"><div class=\"w-separator size_large\"><\/div><div class=\"w-image us_custom_de366d1c us_animate_this align_none\"><div class=\"w-image-h\"><img decoding=\"async\" width=\"1024\" height=\"682\" src=\"https:\/\/www.sonfloragroturisme.com\/wp-content\/uploads\/2025\/02\/SonFlor-3200px-27-1024x682.jpg\" class=\"attachment-large size-large\" alt=\"\" loading=\"lazy\" srcset=\"https:\/\/www.sonfloragroturisme.com\/wp-content\/uploads\/2025\/02\/SonFlor-3200px-27-1024x682.jpg 1024w, https:\/\/www.sonfloragroturisme.com\/wp-content\/uploads\/2025\/02\/SonFlor-3200px-27-300x200.jpg 300w, https:\/\/www.sonfloragroturisme.com\/wp-content\/uploads\/2025\/02\/SonFlor-3200px-27.jpg 2000w\" sizes=\"auto, (max-width: 1024px) 100vw, 1024px\" \/><\/div><\/div><div class=\"w-separator size_large\"><\/div><\/div><\/div><div class=\"wpb_column vc_column_container\"><div class=\"vc_column-inner\"><div class=\"w-separator size_large\"><\/div><div class=\"wpb_text_column us_custom_de366d1c us_animate_this\"><div class=\"wpb_wrapper\"><h4 style=\"text-align: left;\">Agroturismus Son Flor, wo die Natur jeden gemeinsamen Moment begleitet.<\/h4>\n<\/div><\/div><div class=\"w-separator size_large\"><\/div><div class=\"wpb_text_column us_custom_de366d1c us_animate_this\"><div class=\"wpb_wrapper\"><p>12 charmante Unterk\u00fcnfte erwarten Sie im Son Flor, umgeben von Natur und G\u00e4rten voller Leben. Genie\u00dfen Sie die Ruhe, die Swimmingpools im Freien und die N\u00e4he zu versteckten Buchten, Str\u00e4nden im Norden Mallorcas und einzigartigen Naturlandschaften.<\/p>\n<\/div><\/div><\/div><\/div><\/div><\/div><\/section><section class=\"l-section wpb_row height_custom parallax_ver\"><div class=\"l-section-overlay\" style=\"background:var(--color-custom)\"><\/div><div class=\"l-section-h i-cf\"><div class=\"g-cols vc_row via_grid cols_1 laptops-cols_inherit tablets-cols_inherit mobiles-cols_1 valign_top type_default stacking_default\"><div class=\"wpb_column vc_column_container\"><div class=\"vc_column-inner\"><div class=\"w-separator size_large\"><\/div><div class=\"wpb_text_column us_custom_792b109b has_text_color us_animate_this\"><div class=\"wpb_wrapper\"><h2 style=\"text-align: center;\">Entdecken Sie, was diesen Ort so besonders macht<\/h2>\n<\/div><\/div><\/div><\/div><\/div><\/div><\/section><section class=\"l-section wpb_row height_custom parallax_ver\"><div class=\"l-section-overlay\" style=\"background:var(--color-custom)\"><\/div><div class=\"l-section-h i-cf\"><div class=\"g-cols vc_row via_grid cols_3 laptops-cols_inherit tablets-cols_inherit mobiles-cols_1 valign_top type_default stacking_default\"><div class=\"wpb_column vc_column_container\"><div class=\"vc_column-inner\"><div class=\"w-ibanner us_custom_60e9caca us_animate_this animation_melete ratio_1x1 easing_ease\"><a href=\"https:\/\/www.sonfloragroturisme.com\/de\/stays\/\" aria-label=\"Unterk\u00fcnfte\"><\/a><div class=\"w-ibanner-h\"><div class=\"w-ibanner-image\" style=\"background-image: url(https:\/\/www.sonfloragroturisme.com\/wp-content\/uploads\/2025\/02\/SonFlor-3200px-31-1024x682.jpg)\"><\/div><div class=\"w-ibanner-content\"><div class=\"w-ibanner-content-h\"><h6 class=\"w-ibanner-title\" style=\"font-size:0.9rem;\">Unterk\u00fcnfte<\/h6><div class=\"w-ibanner-desc\"><p>Wir verf\u00fcgen \u00fcber 12 verschiedene Zimmer, die f\u00fcr jeden Besuchertyp geeignet sind: Paare, Familien oder Gruppen, die Ruhe und Frieden in einer nat\u00fcrlichen Umgebung suchen.<br \/>\n<b>Finden Sie das Zimmer, das am besten zu Ihnen passt!<\/b><\/p>\n<\/div><\/div><\/div><\/div><\/div><div class=\"w-separator size_large\"><\/div><\/div><\/div><div class=\"wpb_column vc_column_container\"><div class=\"vc_column-inner\"><div class=\"w-ibanner us_custom_60e9caca us_animate_this animation_melete ratio_1x1 easing_ease\"><a href=\"https:\/\/www.sonfloragroturisme.com\/de\/dienstleistungen\/\" aria-label=\"Dienstleistungen\"><\/a><div class=\"w-ibanner-h\"><div class=\"w-ibanner-image\" style=\"background-image: url(https:\/\/www.sonfloragroturisme.com\/wp-content\/uploads\/2025\/02\/SonFlor-3200px-44-1024x682.jpg)\"><\/div><div class=\"w-ibanner-content\"><div class=\"w-ibanner-content-h\"><h6 class=\"w-ibanner-title\" style=\"font-size:0.9rem;\">Dienstleistungen<\/h6><div class=\"w-ibanner-desc\"><p>In Son Flor finden Sie alles, was Sie f\u00fcr einen komfortablen Aufenthalt ben\u00f6tigen: zwei Swimmingpools, Gemeinschaftsbereiche, WLAN, Parkpl\u00e4tze und viel Aufmerksamkeit.<br \/>\n<b>Genie\u00dfen Sie jedes Detail f\u00fcr Ihr Wohlbefinden<\/b>.<\/p>\n<\/div><\/div><\/div><\/div><\/div><div class=\"w-separator size_large\"><\/div><\/div><\/div><div class=\"wpb_column vc_column_container\"><div class=\"vc_column-inner\"><div class=\"w-ibanner us_custom_60e9caca us_animate_this animation_melete ratio_1x1 easing_ease\"><a href=\"https:\/\/www.sonfloragroturisme.com\/de\/umwelt\/\" aria-label=\"Umgebung\"><\/a><div class=\"w-ibanner-h\"><div class=\"w-ibanner-image\" style=\"background-image: url(https:\/\/www.sonfloragroturisme.com\/wp-content\/uploads\/son_real.jpg)\"><\/div><div class=\"w-ibanner-content\"><div class=\"w-ibanner-content-h\"><h6 class=\"w-ibanner-title\" style=\"font-size:0.9rem;\">Umgebung<\/h6><div class=\"w-ibanner-desc\"><p>Son Flor liegt inmitten mediterraner Natur, umgeben von G\u00e4rten, Feldern und nahe den Str\u00e4nden und Landschaften Nordmallorcas.<br \/>\n<b>Erkunden Sie die Umgebung und lassen Sie sich von ihrer Sch\u00f6nheit \u00fcberraschen.<\/b><\/p>\n<\/div><\/div><\/div><\/div><\/div><div class=\"w-separator size_large\"><\/div><\/div><\/div><\/div><\/div><\/section>\n","protected":false},"excerpt":{"rendered":"Natur Frieden Stille Jetzt buchenEntdecken Sie Agrotourismus Son Flor, ein Naturrefugium im Norden von Mallorca. Agroturismus Son Flor, wo die Natur jeden gemeinsamen Moment begleitet. 12 charmante Unterk\u00fcnfte erwarten Sie im Son Flor, umgeben von Natur und G\u00e4rten voller Leben. Genie\u00dfen Sie die Ruhe, die Swimmingpools im Freien und die N\u00e4he zu versteckten Buchten, Str\u00e4nden...","protected":false},"author":1,"featured_media":24,"parent":0,"menu_order":0,"comment_status":"closed","ping_status":"closed","template":"","meta":{"_acf_changed":false,"footnotes":""},"class_list":["post-1448","page","type-page","status-publish","has-post-thumbnail","hentry"],"acf":[],"yoast_head":"<!-- This site is optimized with the Yoast SEO plugin v27.4 - https:\/\/yoast.com\/product\/yoast-seo-wordpress\/ -->\n<title>Startseite - Son Flor Agroturisme<\/title>\n<meta name=\"robots\" content=\"index, follow, max-snippet:-1, max-image-preview:large, max-video-preview:-1\" \/>\n<link rel=\"canonical\" href=\"https:\/\/www.sonfloragroturisme.com\/de\/startseite\/\" \/>\n<meta property=\"og:locale\" content=\"de_DE\" \/>\n<meta property=\"og:type\" content=\"article\" \/>\n<meta property=\"og:title\" content=\"Startseite - Son Flor Agroturisme\" \/>\n<meta property=\"og:url\" content=\"https:\/\/www.sonfloragroturisme.com\/de\/startseite\/\" \/>\n<meta property=\"og:site_name\" content=\"Son Flor Agroturisme\" \/>\n<meta property=\"article:publisher\" content=\"https:\/\/www.facebook.com\/sonfloragroturisme\" \/>\n<meta property=\"article:modified_time\" content=\"2025-04-30T11:18:34+00:00\" \/>\n<meta property=\"og:image\" content=\"https:\/\/www.sonfloragroturisme.com\/wp-content\/uploads\/2024\/12\/sonflor-agroturisme-mallorca.jpg\" \/>\n\t<meta property=\"og:image:width\" content=\"1920\" \/>\n\t<meta property=\"og:image:height\" content=\"1440\" \/>\n\t<meta property=\"og:image:type\" content=\"image\/jpeg\" \/>\n<meta name=\"twitter:card\" content=\"summary_large_image\" \/>\n<meta name=\"twitter:label1\" content=\"Gesch\u00e4tzte Lesezeit\" \/>\n\t<meta name=\"twitter:data1\" content=\"4\u00a0Minuten\" \/>\n<script type=\"application\/ld+json\" class=\"yoast-schema-graph\">{\"@context\":\"https:\\\/\\\/schema.org\",\"@graph\":[{\"@type\":\"WebPage\",\"@id\":\"https:\\\/\\\/www.sonfloragroturisme.com\\\/de\\\/startseite\\\/\",\"url\":\"https:\\\/\\\/www.sonfloragroturisme.com\\\/de\\\/startseite\\\/\",\"name\":\"Startseite - Son Flor Agroturisme\",\"isPartOf\":{\"@id\":\"https:\\\/\\\/www.sonfloragroturisme.com\\\/#website\"},\"primaryImageOfPage\":{\"@id\":\"https:\\\/\\\/www.sonfloragroturisme.com\\\/de\\\/startseite\\\/#primaryimage\"},\"image\":{\"@id\":\"https:\\\/\\\/www.sonfloragroturisme.com\\\/de\\\/startseite\\\/#primaryimage\"},\"thumbnailUrl\":\"https:\\\/\\\/www.sonfloragroturisme.com\\\/wp-content\\\/uploads\\\/2024\\\/12\\\/sonflor-agroturisme-mallorca.jpg\",\"datePublished\":\"2024-12-03T11:59:00+00:00\",\"dateModified\":\"2025-04-30T11:18:34+00:00\",\"breadcrumb\":{\"@id\":\"https:\\\/\\\/www.sonfloragroturisme.com\\\/de\\\/startseite\\\/#breadcrumb\"},\"inLanguage\":\"de\",\"potentialAction\":[{\"@type\":\"ReadAction\",\"target\":[\"https:\\\/\\\/www.sonfloragroturisme.com\\\/de\\\/startseite\\\/\"]}]},{\"@type\":\"ImageObject\",\"inLanguage\":\"de\",\"@id\":\"https:\\\/\\\/www.sonfloragroturisme.com\\\/de\\\/startseite\\\/#primaryimage\",\"url\":\"https:\\\/\\\/www.sonfloragroturisme.com\\\/wp-content\\\/uploads\\\/2024\\\/12\\\/sonflor-agroturisme-mallorca.jpg\",\"contentUrl\":\"https:\\\/\\\/www.sonfloragroturisme.com\\\/wp-content\\\/uploads\\\/2024\\\/12\\\/sonflor-agroturisme-mallorca.jpg\",\"width\":1920,\"height\":1440,\"caption\":\"mockups-design.com\"},{\"@type\":\"BreadcrumbList\",\"@id\":\"https:\\\/\\\/www.sonfloragroturisme.com\\\/de\\\/startseite\\\/#breadcrumb\",\"itemListElement\":[{\"@type\":\"ListItem\",\"position\":1,\"name\":\"Portada\",\"item\":\"https:\\\/\\\/www.sonfloragroturisme.com\\\/de\\\/startseite\\\/\"},{\"@type\":\"ListItem\",\"position\":2,\"name\":\"Startseite\"}]},{\"@type\":\"WebSite\",\"@id\":\"https:\\\/\\\/www.sonfloragroturisme.com\\\/#website\",\"url\":\"https:\\\/\\\/www.sonfloragroturisme.com\\\/\",\"name\":\"Son Flor Agroturisme\",\"description\":\"\",\"publisher\":{\"@id\":\"https:\\\/\\\/www.sonfloragroturisme.com\\\/#organization\"},\"potentialAction\":[{\"@type\":\"SearchAction\",\"target\":{\"@type\":\"EntryPoint\",\"urlTemplate\":\"https:\\\/\\\/www.sonfloragroturisme.com\\\/?s={search_term_string}\"},\"query-input\":{\"@type\":\"PropertyValueSpecification\",\"valueRequired\":true,\"valueName\":\"search_term_string\"}}],\"inLanguage\":\"de\"},{\"@type\":\"Organization\",\"@id\":\"https:\\\/\\\/www.sonfloragroturisme.com\\\/#organization\",\"name\":\"Son Flor Agroturisme\",\"url\":\"https:\\\/\\\/www.sonfloragroturisme.com\\\/\",\"logo\":{\"@type\":\"ImageObject\",\"inLanguage\":\"de\",\"@id\":\"https:\\\/\\\/www.sonfloragroturisme.com\\\/#\\\/schema\\\/logo\\\/image\\\/\",\"url\":\"https:\\\/\\\/www.sonfloragroturisme.com\\\/wp-content\\\/uploads\\\/2025\\\/02\\\/icon.png\",\"contentUrl\":\"https:\\\/\\\/www.sonfloragroturisme.com\\\/wp-content\\\/uploads\\\/2025\\\/02\\\/icon.png\",\"width\":1689,\"height\":1689,\"caption\":\"Son Flor Agroturisme\"},\"image\":{\"@id\":\"https:\\\/\\\/www.sonfloragroturisme.com\\\/#\\\/schema\\\/logo\\\/image\\\/\"},\"sameAs\":[\"https:\\\/\\\/www.facebook.com\\\/sonfloragroturisme\",\"https:\\\/\\\/www.instagram.com\\\/sonfloragroturisme\\\/\"]}]}<\/script>\n<!-- \/ Yoast SEO plugin. -->","yoast_head_json":{"title":"Startseite - Son Flor Agroturisme","robots":{"index":"index","follow":"follow","max-snippet":"max-snippet:-1","max-image-preview":"max-image-preview:large","max-video-preview":"max-video-preview:-1"},"canonical":"https:\/\/www.sonfloragroturisme.com\/de\/startseite\/","og_locale":"de_DE","og_type":"article","og_title":"Startseite - Son Flor Agroturisme","og_url":"https:\/\/www.sonfloragroturisme.com\/de\/startseite\/","og_site_name":"Son Flor Agroturisme","article_publisher":"https:\/\/www.facebook.com\/sonfloragroturisme","article_modified_time":"2025-04-30T11:18:34+00:00","og_image":[{"width":1920,"height":1440,"url":"https:\/\/www.sonfloragroturisme.com\/wp-content\/uploads\/2024\/12\/sonflor-agroturisme-mallorca.jpg","type":"image\/jpeg"}],"twitter_card":"summary_large_image","twitter_misc":{"Gesch\u00e4tzte Lesezeit":"4\u00a0Minuten"},"schema":{"@context":"https:\/\/schema.org","@graph":[{"@type":"WebPage","@id":"https:\/\/www.sonfloragroturisme.com\/de\/startseite\/","url":"https:\/\/www.sonfloragroturisme.com\/de\/startseite\/","name":"Startseite - Son Flor Agroturisme","isPartOf":{"@id":"https:\/\/www.sonfloragroturisme.com\/#website"},"primaryImageOfPage":{"@id":"https:\/\/www.sonfloragroturisme.com\/de\/startseite\/#primaryimage"},"image":{"@id":"https:\/\/www.sonfloragroturisme.com\/de\/startseite\/#primaryimage"},"thumbnailUrl":"https:\/\/www.sonfloragroturisme.com\/wp-content\/uploads\/2024\/12\/sonflor-agroturisme-mallorca.jpg","datePublished":"2024-12-03T11:59:00+00:00","dateModified":"2025-04-30T11:18:34+00:00","breadcrumb":{"@id":"https:\/\/www.sonfloragroturisme.com\/de\/startseite\/#breadcrumb"},"inLanguage":"de","potentialAction":[{"@type":"ReadAction","target":["https:\/\/www.sonfloragroturisme.com\/de\/startseite\/"]}]},{"@type":"ImageObject","inLanguage":"de","@id":"https:\/\/www.sonfloragroturisme.com\/de\/startseite\/#primaryimage","url":"https:\/\/www.sonfloragroturisme.com\/wp-content\/uploads\/2024\/12\/sonflor-agroturisme-mallorca.jpg","contentUrl":"https:\/\/www.sonfloragroturisme.com\/wp-content\/uploads\/2024\/12\/sonflor-agroturisme-mallorca.jpg","width":1920,"height":1440,"caption":"mockups-design.com"},{"@type":"BreadcrumbList","@id":"https:\/\/www.sonfloragroturisme.com\/de\/startseite\/#breadcrumb","itemListElement":[{"@type":"ListItem","position":1,"name":"Portada","item":"https:\/\/www.sonfloragroturisme.com\/de\/startseite\/"},{"@type":"ListItem","position":2,"name":"Startseite"}]},{"@type":"WebSite","@id":"https:\/\/www.sonfloragroturisme.com\/#website","url":"https:\/\/www.sonfloragroturisme.com\/","name":"Son Flor Agroturisme","description":"","publisher":{"@id":"https:\/\/www.sonfloragroturisme.com\/#organization"},"potentialAction":[{"@type":"SearchAction","target":{"@type":"EntryPoint","urlTemplate":"https:\/\/www.sonfloragroturisme.com\/?s={search_term_string}"},"query-input":{"@type":"PropertyValueSpecification","valueRequired":true,"valueName":"search_term_string"}}],"inLanguage":"de"},{"@type":"Organization","@id":"https:\/\/www.sonfloragroturisme.com\/#organization","name":"Son Flor Agroturisme","url":"https:\/\/www.sonfloragroturisme.com\/","logo":{"@type":"ImageObject","inLanguage":"de","@id":"https:\/\/www.sonfloragroturisme.com\/#\/schema\/logo\/image\/","url":"https:\/\/www.sonfloragroturisme.com\/wp-content\/uploads\/2025\/02\/icon.png","contentUrl":"https:\/\/www.sonfloragroturisme.com\/wp-content\/uploads\/2025\/02\/icon.png","width":1689,"height":1689,"caption":"Son Flor Agroturisme"},"image":{"@id":"https:\/\/www.sonfloragroturisme.com\/#\/schema\/logo\/image\/"},"sameAs":["https:\/\/www.facebook.com\/sonfloragroturisme","https:\/\/www.instagram.com\/sonfloragroturisme\/"]}]}},"_links":{"self":[{"href":"https:\/\/www.sonfloragroturisme.com\/de\/wp-json\/wp\/v2\/pages\/1448","targetHints":{"allow":["GET"]}}],"collection":[{"href":"https:\/\/www.sonfloragroturisme.com\/de\/wp-json\/wp\/v2\/pages"}],"about":[{"href":"https:\/\/www.sonfloragroturisme.com\/de\/wp-json\/wp\/v2\/types\/page"}],"author":[{"embeddable":true,"href":"https:\/\/www.sonfloragroturisme.com\/de\/wp-json\/wp\/v2\/users\/1"}],"replies":[{"embeddable":true,"href":"https:\/\/www.sonfloragroturisme.com\/de\/wp-json\/wp\/v2\/comments?post=1448"}],"version-history":[{"count":14,"href":"https:\/\/www.sonfloragroturisme.com\/de\/wp-json\/wp\/v2\/pages\/1448\/revisions"}],"predecessor-version":[{"id":1549,"href":"https:\/\/www.sonfloragroturisme.com\/de\/wp-json\/wp\/v2\/pages\/1448\/revisions\/1549"}],"wp:featuredmedia":[{"embeddable":true,"href":"https:\/\/www.sonfloragroturisme.com\/de\/wp-json\/wp\/v2\/media\/24"}],"wp:attachment":[{"href":"https:\/\/www.sonfloragroturisme.com\/de\/wp-json\/wp\/v2\/media?parent=1448"}],"curies":[{"name":"wp","href":"https:\/\/api.w.org\/{rel}","templated":true}]}}