{"id":1425,"date":"2025-02-10T12:22:02","date_gmt":"2025-02-10T11:22:02","guid":{"rendered":"https:\/\/www.sonfloragroturisme.com\/umwelt\/"},"modified":"2025-04-30T13:07:00","modified_gmt":"2025-04-30T11:07:00","slug":"umgebung","status":"publish","type":"page","link":"https:\/\/www.sonfloragroturisme.com\/de\/umgebung\/","title":{"rendered":"Umgebung"},"content":{"rendered":"<section class=\"l-section wpb_row height_custom\"><div class=\"l-section-h i-cf\"><div class=\"g-cols vc_row via_grid cols_1 laptops-cols_inherit tablets-cols_inherit mobiles-cols_1 valign_top type_default stacking_default\"><div class=\"wpb_column vc_column_container\"><div class=\"vc_column-inner\"><div class=\"w-grid type_grid layout_699 cols_3 preload_style_spinner with_css_animation\" id=\"us_grid_1\" style=\"--columns:3;--gap:1.5rem;\" data-filterable=\"true\"><style>@media (max-width:1024px){#us_grid_1{--columns:2!important}}@media (max-width:600px){#us_grid_1{--columns:1!important}}.layout_699 .w-grid-item-h{background:var(--color-verd-clar)}.layout_699 .usg_vwrapper_1{transition-duration:0.35s;transform-origin:50% 50%;transform:scale(1) translate(0%,0%)}.layout_699 .w-grid-item-h:focus-within .usg_vwrapper_1,.layout_699 .w-grid-item-h:hover .usg_vwrapper_1{transform:scale(1) translate(0%,0%);opacity:0}.layout_699 .usg_vwrapper_1{width:100%!important;height:100%!important;position:absolute!important;left:0!important;top:0!important;z-index:50!important;background:var(--color-custom)!important}.layout_699 .usg_image_1{width:100%!important;height:100%!important}.layout_699 .usg_vwrapper_3{padding:1.5rem!important;background:var(--color-verd-clar)!important}<\/style><div class=\"w-grid-list\">\t<article class=\"w-grid-item us_animate_afb size_1x1 post-1310 que-hacer type-que-hacer status-publish hentry\" data-id=\"1310\" style=\"animation-delay:0s\">\r\n\t\t<div class=\"w-grid-item-h\">\r\n\t\t\t\t\t\t\t<a href=\"https:\/\/www.sonfloragroturisme.com\/de\/que-hacer\/son-real\/\" class=\"w-grid-item-anchor\" aria-label=\"Son Real\"><\/a>\r\n\t\t\t\t\t\t<div class=\"w-vwrapper usg_vwrapper_3 align_none valign_top\"><div class=\"w-vwrapper usg_vwrapper_2 align_none valign_top\"><div class=\"w-vwrapper usg_vwrapper_1 align_none valign_top\" style=\"--vwrapper-gap:0rem\"><\/div><div class=\"w-image usg_image_1 has_height has_ratio\"><div class=\"w-image-h\"><div style=\"padding-bottom:66.6667%\"><\/div><img decoding=\"async\" width=\"1024\" height=\"674\" src=\"https:\/\/www.sonfloragroturisme.com\/wp-content\/uploads\/son_real-1024x674.jpg\" class=\"attachment-medium size-medium\" alt=\"\" loading=\"lazy\" \/><\/div><\/div><\/div><h4 class=\"w-post-elm post_title usg_post_title_1 entry-title color_link_inherit\">Son Real<\/h4><div class=\"w-post-elm post_content usg_post_content_1\">Das \u00f6ffentliche Anwesen Son Real liegt an der Nordk\u00fcste Mallorcas zwischen Can Picafort und Son Serra de Marina, und ist ein wahrer nat\u00fcrlicher und arch\u00e4ologischer Schatz. Dieses weitl\u00e4ufige Naturschutzgebiet, das&hellip;<\/div><\/div>\t\t<\/div>\r\n\t\t\t<\/article>\r\n\t<article class=\"w-grid-item us_animate_afb size_1x1 post-1316 que-hacer type-que-hacer status-publish hentry\" data-id=\"1316\" style=\"animation-delay:0.1s\">\r\n\t\t<div class=\"w-grid-item-h\">\r\n\t\t\t\t\t\t\t<a href=\"https:\/\/www.sonfloragroturisme.com\/de\/que-hacer\/son-serra-de-marina\/\" class=\"w-grid-item-anchor\" aria-label=\"Son Serra de Marina\"><\/a>\r\n\t\t\t\t\t\t<div class=\"w-vwrapper usg_vwrapper_3 align_none valign_top\"><div class=\"w-vwrapper usg_vwrapper_2 align_none valign_top\"><div class=\"w-vwrapper usg_vwrapper_1 align_none valign_top\" style=\"--vwrapper-gap:0rem\"><\/div><div class=\"w-image usg_image_1 has_height has_ratio\"><div class=\"w-image-h\"><div style=\"padding-bottom:66.6667%\"><\/div><img decoding=\"async\" width=\"1024\" height=\"783\" src=\"https:\/\/www.sonfloragroturisme.com\/wp-content\/uploads\/son_serra-1024x783.jpg\" class=\"attachment-medium size-medium\" alt=\"\" loading=\"lazy\" \/><\/div><\/div><\/div><h4 class=\"w-post-elm post_title usg_post_title_1 entry-title color_link_inherit\">Son Serra de Marina<\/h4><div class=\"w-post-elm post_content usg_post_content_1\">Son Serra de Marina ist eine kleine und ruhige Siedlung an der K\u00fcste im Norden Mallorcas, die zur Gemeinde Santa Margalida geh\u00f6rt. Sie zeichnet sich durch ihre entspannte Atmosph\u00e4re und&hellip;<\/div><\/div>\t\t<\/div>\r\n\t\t\t<\/article>\r\n\t<article class=\"w-grid-item us_animate_afb size_1x1 post-1325 que-hacer type-que-hacer status-publish hentry\" data-id=\"1325\" style=\"animation-delay:0.2s\">\r\n\t\t<div class=\"w-grid-item-h\">\r\n\t\t\t\t\t\t\t<a href=\"https:\/\/www.sonfloragroturisme.com\/de\/que-hacer\/albufera-de-mallorca\/\" class=\"w-grid-item-anchor\" aria-label=\"Albufera de Mallorca\"><\/a>\r\n\t\t\t\t\t\t<div class=\"w-vwrapper usg_vwrapper_3 align_none valign_top\"><div class=\"w-vwrapper usg_vwrapper_2 align_none valign_top\"><div class=\"w-vwrapper usg_vwrapper_1 align_none valign_top\" style=\"--vwrapper-gap:0rem\"><\/div><div class=\"w-image usg_image_1 has_height has_ratio\"><div class=\"w-image-h\"><div style=\"padding-bottom:66.6667%\"><\/div><img decoding=\"async\" width=\"1024\" height=\"768\" src=\"https:\/\/www.sonfloragroturisme.com\/wp-content\/uploads\/llac-1024x768.jpg\" class=\"attachment-medium size-medium\" alt=\"\" loading=\"lazy\" \/><\/div><\/div><\/div><h4 class=\"w-post-elm post_title usg_post_title_1 entry-title color_link_inherit\">Albufera de Mallorca<\/h4><div class=\"w-post-elm post_content usg_post_content_1\">Der Park bietet ein Netz von Wanderwegen, das es erm\u00f6glicht, die S\u00fcmpfe, Lagunen, Schilfg\u00fcrtel und Kiefernw\u00e4lder zu erkunden, die das \u00d6kosystem der Gegend ausmachen. Hier leben verschiedene Arten von V\u00f6geln,&hellip;<\/div><\/div>\t\t<\/div>\r\n\t\t\t<\/article>\r\n\t<article class=\"w-grid-item us_animate_afb size_1x1 post-1335 que-hacer type-que-hacer status-publish hentry\" data-id=\"1335\" style=\"animation-delay:0.3s\">\r\n\t\t<div class=\"w-grid-item-h\">\r\n\t\t\t\t\t\t\t<a href=\"https:\/\/www.sonfloragroturisme.com\/de\/que-hacer\/can-picafort\/\" class=\"w-grid-item-anchor\" aria-label=\"Can Picafort\"><\/a>\r\n\t\t\t\t\t\t<div class=\"w-vwrapper usg_vwrapper_3 align_none valign_top\"><div class=\"w-vwrapper usg_vwrapper_2 align_none valign_top\"><div class=\"w-vwrapper usg_vwrapper_1 align_none valign_top\" style=\"--vwrapper-gap:0rem\"><\/div><div class=\"w-image usg_image_1 has_height has_ratio\"><div class=\"w-image-h\"><div style=\"padding-bottom:66.6667%\"><\/div><img decoding=\"async\" width=\"1024\" height=\"680\" src=\"https:\/\/www.sonfloragroturisme.com\/wp-content\/uploads\/can_picafort-1024x680.jpg\" class=\"attachment-medium size-medium\" alt=\"\" loading=\"lazy\" \/><\/div><\/div><\/div><h4 class=\"w-post-elm post_title usg_post_title_1 entry-title color_link_inherit\">Can Picafort<\/h4><div class=\"w-post-elm post_content usg_post_content_1\">Can Picafort ist ein K\u00fcstenort im Norden Mallorcas, in der Gemeinde Santa Margalida. Einer der Hauptanziehungspunkte ist der weitl\u00e4ufige Strand mit feinem Sand und kristallklarem Wasser \u2013 ideal f\u00fcr einen&hellip;<\/div><\/div>\t\t<\/div>\r\n\t\t\t<\/article>\r\n\t<article class=\"w-grid-item us_animate_afb size_1x1 post-1341 que-hacer type-que-hacer status-publish hentry\" data-id=\"1341\" style=\"animation-delay:0.4s\">\r\n\t\t<div class=\"w-grid-item-h\">\r\n\t\t\t\t\t\t\t<a href=\"https:\/\/www.sonfloragroturisme.com\/de\/que-hacer\/santa-margalida\/\" class=\"w-grid-item-anchor\" aria-label=\"Santa Margalida\"><\/a>\r\n\t\t\t\t\t\t<div class=\"w-vwrapper usg_vwrapper_3 align_none valign_top\"><div class=\"w-vwrapper usg_vwrapper_2 align_none valign_top\"><div class=\"w-vwrapper usg_vwrapper_1 align_none valign_top\" style=\"--vwrapper-gap:0rem\"><\/div><div class=\"w-image usg_image_1 has_height has_ratio\"><div class=\"w-image-h\"><div style=\"padding-bottom:66.6667%\"><\/div><img decoding=\"async\" width=\"1024\" height=\"683\" src=\"https:\/\/www.sonfloragroturisme.com\/wp-content\/uploads\/Santa_Margalida-1024x683.jpg\" class=\"attachment-medium size-medium\" alt=\"\" loading=\"lazy\" \/><\/div><\/div><\/div><h4 class=\"w-post-elm post_title usg_post_title_1 entry-title color_link_inherit\">Santa Margalida<\/h4><div class=\"w-post-elm post_content usg_post_content_1\">Santa Margalida ist ein ruhiges Dorf im Norden Mallorcas, umgeben von weiten landwirtschaftlichen Fl\u00e4chen. Im Herzen des Ortes befindet sich die Pla\u00e7a Major, ein zentraler Treffpunkt, an dem zahlreiche lokale&hellip;<\/div><\/div>\t\t<\/div>\r\n\t\t\t<\/article>\r\n<\/div><div class=\"w-grid-preloader\">\t<div class=\"g-preloader type_1\">\r\n\t\t<div><\/div>\r\n\t<\/div>\r\n\t<\/div>\t<div class=\"w-grid-json hidden\" onclick='return {&quot;action&quot;:&quot;us_ajax_grid&quot;,&quot;infinite_scroll&quot;:0,&quot;max_num_pages&quot;:1,&quot;pagination&quot;:&quot;none&quot;,&quot;template_vars&quot;:{&quot;columns&quot;:&quot;3&quot;,&quot;exclude_items&quot;:&quot;none&quot;,&quot;img_size&quot;:&quot;default&quot;,&quot;ignore_items_size&quot;:0,&quot;items_layout&quot;:&quot;699&quot;,&quot;items_offset&quot;:&quot;1&quot;,&quot;load_animation&quot;:&quot;afb&quot;,&quot;overriding_link&quot;:&quot;%7B%22type%22%3A%22post%22%7D&quot;,&quot;post_id&quot;:0,&quot;query_args&quot;:{&quot;post_type&quot;:[&quot;que-hacer&quot;],&quot;post_status&quot;:[&quot;publish&quot;,&quot;acf-disabled&quot;],&quot;posts_per_page&quot;:&quot;10&quot;},&quot;orderby_query_args&quot;:{&quot;orderby&quot;:{&quot;date&quot;:&quot;DESC&quot;}},&quot;type&quot;:&quot;grid&quot;,&quot;us_grid_post_type&quot;:&quot;que-hacer&quot;,&quot;us_grid_ajax_index&quot;:1,&quot;us_grid_filter_query_string&quot;:null,&quot;us_grid_index&quot;:1,&quot;page_args&quot;:[],&quot;lang&quot;:&quot;de&quot;}}'><\/div>\r\n\t<\/div><\/div><\/div><\/div><\/div><\/section><section class=\"l-section wpb_row height_custom\"><div class=\"l-section-h i-cf\"><div class=\"g-cols vc_row via_grid cols_1 laptops-cols_inherit tablets-cols_inherit mobiles-cols_1 valign_top type_default stacking_default\"><div class=\"wpb_column vc_column_container\"><div class=\"vc_column-inner\"><div class=\"wpb_text_column\"><div class=\"wpb_wrapper\"><h3>N\u00fctzliche Informationen<\/h3>\n<\/div><\/div><div class=\"w-separator size_medium\"><\/div><div class=\"w-grid type_grid layout_1213 cols_3 preload_style_spinner with_css_animation\" id=\"us_grid_2\" style=\"--columns:3;--gap:1rem;\" data-filterable=\"true\"><style>@media (max-width:1024px){#us_grid_2{--columns:2!important}}@media (max-width:600px){#us_grid_2{--columns:1!important}}.layout_1213 .w-grid-item-h{}.layout_1213 .usg_hwrapper_1{transition-duration:0.3s;transform-origin:50% 50%;transform:scale(1) translate(0%,0%)}.layout_1213 .w-grid-item-h:focus-within .usg_hwrapper_1,.layout_1213 .w-grid-item-h:hover .usg_hwrapper_1{transform:scale(1) translate(0%,0%);opacity:1;border-color:var(--color-blau)!important;color:var(--color-blau)!important}.layout_1213 .usg_post_title_1{font-weight:600!important}.layout_1213 .usg_hwrapper_1{color:var(--color-verd)!important;border-radius:0 30px 30px 0!important;padding:1rem!important;border:1px solid var(--color-verd)!important}<\/style><div class=\"w-grid-list\">\t<article class=\"w-grid-item us_animate_afb size_1x1 post-1348 us_portfolio type-us_portfolio status-publish hentry\" data-id=\"1348\" style=\"animation-delay:0s\">\r\n\t\t<div class=\"w-grid-item-h\">\r\n\t\t\t\t\t\t<div class=\"w-hwrapper usg_hwrapper_1 has_text_color align_none valign_top has-link\"><p class=\"w-post-elm post_title usg_post_title_1 entry-title\">Transport ausw\u00e4hlen &#8211; TIB<\/p><a href=\"https:\/\/www.tib.org\/\" class=\"w-vwrapper-link smooth-scroll\" aria-label=\"Link\"><\/a><\/div>\t\t<\/div>\r\n\t\t\t<\/article>\r\n\t<article class=\"w-grid-item us_animate_afb size_1x1 post-1345 us_portfolio type-us_portfolio status-publish hentry\" data-id=\"1345\" style=\"animation-delay:0.1s\">\r\n\t\t<div class=\"w-grid-item-h\">\r\n\t\t\t\t\t\t<div class=\"w-hwrapper usg_hwrapper_1 has_text_color align_none valign_top has-link\"><p class=\"w-post-elm post_title usg_post_title_1 entry-title\">Veranstaltungen in Santa Margalida<\/p><a target=\"_blank\" href=\"https:\/\/ajsantamargalida.net\/es\/noticias\" class=\"w-vwrapper-link smooth-scroll\" aria-label=\"Link\"><\/a><\/div>\t\t<\/div>\r\n\t\t\t<\/article>\r\n<\/div><div class=\"w-grid-preloader\">\t<div class=\"g-preloader type_1\">\r\n\t\t<div><\/div>\r\n\t<\/div>\r\n\t<\/div>\t<div class=\"w-grid-json hidden\" onclick='return {&quot;action&quot;:&quot;us_ajax_grid&quot;,&quot;infinite_scroll&quot;:0,&quot;max_num_pages&quot;:1,&quot;pagination&quot;:&quot;none&quot;,&quot;template_vars&quot;:{&quot;columns&quot;:&quot;3&quot;,&quot;exclude_items&quot;:&quot;none&quot;,&quot;img_size&quot;:&quot;default&quot;,&quot;ignore_items_size&quot;:0,&quot;items_layout&quot;:&quot;1213&quot;,&quot;items_offset&quot;:&quot;1&quot;,&quot;load_animation&quot;:&quot;afb&quot;,&quot;overriding_link&quot;:&quot;%7B%22url%22%3A%22%22%7D&quot;,&quot;post_id&quot;:0,&quot;query_args&quot;:{&quot;post_type&quot;:[&quot;us_portfolio&quot;],&quot;post_status&quot;:[&quot;publish&quot;,&quot;acf-disabled&quot;],&quot;posts_per_page&quot;:&quot;50&quot;},&quot;orderby_query_args&quot;:{&quot;orderby&quot;:{&quot;title&quot;:&quot;ASC&quot;},&quot;order&quot;:&quot;ASC&quot;},&quot;type&quot;:&quot;grid&quot;,&quot;us_grid_post_type&quot;:&quot;us_portfolio&quot;,&quot;us_grid_ajax_index&quot;:2,&quot;us_grid_filter_query_string&quot;:null,&quot;us_grid_index&quot;:2,&quot;page_args&quot;:[],&quot;lang&quot;:&quot;de&quot;}}'><\/div>\r\n\t<\/div><\/div><\/div><\/div><\/div><\/section>\n","protected":false},"excerpt":{"rendered":"","protected":false},"author":2,"featured_media":0,"parent":0,"menu_order":0,"comment_status":"closed","ping_status":"closed","template":"","meta":{"_acf_changed":false,"footnotes":""},"class_list":["post-1425","page","type-page","status-publish","hentry"],"acf":[],"yoast_head":"<!-- This site is optimized with the Yoast SEO plugin v27.4 - https:\/\/yoast.com\/product\/yoast-seo-wordpress\/ -->\n<title>Umgebung - Son Flor Agroturisme<\/title>\n<meta name=\"robots\" content=\"index, follow, max-snippet:-1, max-image-preview:large, max-video-preview:-1\" \/>\n<link rel=\"canonical\" href=\"https:\/\/www.sonfloragroturisme.com\/de\/umgebung\/\" \/>\n<meta property=\"og:locale\" content=\"de_DE\" \/>\n<meta property=\"og:type\" content=\"article\" \/>\n<meta property=\"og:title\" content=\"Umgebung - Son Flor Agroturisme\" \/>\n<meta property=\"og:url\" content=\"https:\/\/www.sonfloragroturisme.com\/de\/umgebung\/\" \/>\n<meta property=\"og:site_name\" content=\"Son Flor Agroturisme\" \/>\n<meta property=\"article:publisher\" content=\"https:\/\/www.facebook.com\/sonfloragroturisme\" \/>\n<meta property=\"article:modified_time\" content=\"2025-04-30T11:07:00+00:00\" \/>\n<meta name=\"twitter:card\" content=\"summary_large_image\" \/>\n<script type=\"application\/ld+json\" class=\"yoast-schema-graph\">{\"@context\":\"https:\\\/\\\/schema.org\",\"@graph\":[{\"@type\":\"WebPage\",\"@id\":\"https:\\\/\\\/www.sonfloragroturisme.com\\\/de\\\/umgebung\\\/\",\"url\":\"https:\\\/\\\/www.sonfloragroturisme.com\\\/de\\\/umgebung\\\/\",\"name\":\"Umgebung - Son Flor Agroturisme\",\"isPartOf\":{\"@id\":\"https:\\\/\\\/www.sonfloragroturisme.com\\\/#website\"},\"datePublished\":\"2025-02-10T11:22:02+00:00\",\"dateModified\":\"2025-04-30T11:07:00+00:00\",\"breadcrumb\":{\"@id\":\"https:\\\/\\\/www.sonfloragroturisme.com\\\/de\\\/umgebung\\\/#breadcrumb\"},\"inLanguage\":\"de\",\"potentialAction\":[{\"@type\":\"ReadAction\",\"target\":[\"https:\\\/\\\/www.sonfloragroturisme.com\\\/de\\\/umgebung\\\/\"]}]},{\"@type\":\"BreadcrumbList\",\"@id\":\"https:\\\/\\\/www.sonfloragroturisme.com\\\/de\\\/umgebung\\\/#breadcrumb\",\"itemListElement\":[{\"@type\":\"ListItem\",\"position\":1,\"name\":\"Portada\",\"item\":\"https:\\\/\\\/www.sonfloragroturisme.com\\\/de\\\/startseite\\\/\"},{\"@type\":\"ListItem\",\"position\":2,\"name\":\"Umgebung\"}]},{\"@type\":\"WebSite\",\"@id\":\"https:\\\/\\\/www.sonfloragroturisme.com\\\/#website\",\"url\":\"https:\\\/\\\/www.sonfloragroturisme.com\\\/\",\"name\":\"Son Flor Agroturisme\",\"description\":\"\",\"publisher\":{\"@id\":\"https:\\\/\\\/www.sonfloragroturisme.com\\\/#organization\"},\"potentialAction\":[{\"@type\":\"SearchAction\",\"target\":{\"@type\":\"EntryPoint\",\"urlTemplate\":\"https:\\\/\\\/www.sonfloragroturisme.com\\\/?s={search_term_string}\"},\"query-input\":{\"@type\":\"PropertyValueSpecification\",\"valueRequired\":true,\"valueName\":\"search_term_string\"}}],\"inLanguage\":\"de\"},{\"@type\":\"Organization\",\"@id\":\"https:\\\/\\\/www.sonfloragroturisme.com\\\/#organization\",\"name\":\"Son Flor Agroturisme\",\"url\":\"https:\\\/\\\/www.sonfloragroturisme.com\\\/\",\"logo\":{\"@type\":\"ImageObject\",\"inLanguage\":\"de\",\"@id\":\"https:\\\/\\\/www.sonfloragroturisme.com\\\/#\\\/schema\\\/logo\\\/image\\\/\",\"url\":\"https:\\\/\\\/www.sonfloragroturisme.com\\\/wp-content\\\/uploads\\\/2025\\\/02\\\/icon.png\",\"contentUrl\":\"https:\\\/\\\/www.sonfloragroturisme.com\\\/wp-content\\\/uploads\\\/2025\\\/02\\\/icon.png\",\"width\":1689,\"height\":1689,\"caption\":\"Son Flor Agroturisme\"},\"image\":{\"@id\":\"https:\\\/\\\/www.sonfloragroturisme.com\\\/#\\\/schema\\\/logo\\\/image\\\/\"},\"sameAs\":[\"https:\\\/\\\/www.facebook.com\\\/sonfloragroturisme\",\"https:\\\/\\\/www.instagram.com\\\/sonfloragroturisme\\\/\"]}]}<\/script>\n<!-- \/ Yoast SEO plugin. -->","yoast_head_json":{"title":"Umgebung - Son Flor Agroturisme","robots":{"index":"index","follow":"follow","max-snippet":"max-snippet:-1","max-image-preview":"max-image-preview:large","max-video-preview":"max-video-preview:-1"},"canonical":"https:\/\/www.sonfloragroturisme.com\/de\/umgebung\/","og_locale":"de_DE","og_type":"article","og_title":"Umgebung - Son Flor Agroturisme","og_url":"https:\/\/www.sonfloragroturisme.com\/de\/umgebung\/","og_site_name":"Son Flor Agroturisme","article_publisher":"https:\/\/www.facebook.com\/sonfloragroturisme","article_modified_time":"2025-04-30T11:07:00+00:00","twitter_card":"summary_large_image","schema":{"@context":"https:\/\/schema.org","@graph":[{"@type":"WebPage","@id":"https:\/\/www.sonfloragroturisme.com\/de\/umgebung\/","url":"https:\/\/www.sonfloragroturisme.com\/de\/umgebung\/","name":"Umgebung - Son Flor Agroturisme","isPartOf":{"@id":"https:\/\/www.sonfloragroturisme.com\/#website"},"datePublished":"2025-02-10T11:22:02+00:00","dateModified":"2025-04-30T11:07:00+00:00","breadcrumb":{"@id":"https:\/\/www.sonfloragroturisme.com\/de\/umgebung\/#breadcrumb"},"inLanguage":"de","potentialAction":[{"@type":"ReadAction","target":["https:\/\/www.sonfloragroturisme.com\/de\/umgebung\/"]}]},{"@type":"BreadcrumbList","@id":"https:\/\/www.sonfloragroturisme.com\/de\/umgebung\/#breadcrumb","itemListElement":[{"@type":"ListItem","position":1,"name":"Portada","item":"https:\/\/www.sonfloragroturisme.com\/de\/startseite\/"},{"@type":"ListItem","position":2,"name":"Umgebung"}]},{"@type":"WebSite","@id":"https:\/\/www.sonfloragroturisme.com\/#website","url":"https:\/\/www.sonfloragroturisme.com\/","name":"Son Flor Agroturisme","description":"","publisher":{"@id":"https:\/\/www.sonfloragroturisme.com\/#organization"},"potentialAction":[{"@type":"SearchAction","target":{"@type":"EntryPoint","urlTemplate":"https:\/\/www.sonfloragroturisme.com\/?s={search_term_string}"},"query-input":{"@type":"PropertyValueSpecification","valueRequired":true,"valueName":"search_term_string"}}],"inLanguage":"de"},{"@type":"Organization","@id":"https:\/\/www.sonfloragroturisme.com\/#organization","name":"Son Flor Agroturisme","url":"https:\/\/www.sonfloragroturisme.com\/","logo":{"@type":"ImageObject","inLanguage":"de","@id":"https:\/\/www.sonfloragroturisme.com\/#\/schema\/logo\/image\/","url":"https:\/\/www.sonfloragroturisme.com\/wp-content\/uploads\/2025\/02\/icon.png","contentUrl":"https:\/\/www.sonfloragroturisme.com\/wp-content\/uploads\/2025\/02\/icon.png","width":1689,"height":1689,"caption":"Son Flor Agroturisme"},"image":{"@id":"https:\/\/www.sonfloragroturisme.com\/#\/schema\/logo\/image\/"},"sameAs":["https:\/\/www.facebook.com\/sonfloragroturisme","https:\/\/www.instagram.com\/sonfloragroturisme\/"]}]}},"_links":{"self":[{"href":"https:\/\/www.sonfloragroturisme.com\/de\/wp-json\/wp\/v2\/pages\/1425","targetHints":{"allow":["GET"]}}],"collection":[{"href":"https:\/\/www.sonfloragroturisme.com\/de\/wp-json\/wp\/v2\/pages"}],"about":[{"href":"https:\/\/www.sonfloragroturisme.com\/de\/wp-json\/wp\/v2\/types\/page"}],"author":[{"embeddable":true,"href":"https:\/\/www.sonfloragroturisme.com\/de\/wp-json\/wp\/v2\/users\/2"}],"replies":[{"embeddable":true,"href":"https:\/\/www.sonfloragroturisme.com\/de\/wp-json\/wp\/v2\/comments?post=1425"}],"version-history":[{"count":8,"href":"https:\/\/www.sonfloragroturisme.com\/de\/wp-json\/wp\/v2\/pages\/1425\/revisions"}],"predecessor-version":[{"id":1543,"href":"https:\/\/www.sonfloragroturisme.com\/de\/wp-json\/wp\/v2\/pages\/1425\/revisions\/1543"}],"wp:attachment":[{"href":"https:\/\/www.sonfloragroturisme.com\/de\/wp-json\/wp\/v2\/media?parent=1425"}],"curies":[{"name":"wp","href":"https:\/\/api.w.org\/{rel}","templated":true}]}}