{"id":1415,"date":"2025-02-10T12:20:05","date_gmt":"2025-02-10T11:20:05","guid":{"rendered":"https:\/\/www.sonfloragroturisme.com\/agrotourismus-son-flor\/"},"modified":"2025-04-30T13:12:31","modified_gmt":"2025-04-30T11:12:31","slug":"agrotourismus-son-flor","status":"publish","type":"page","link":"https:\/\/www.sonfloragroturisme.com\/de\/agrotourismus-son-flor\/","title":{"rendered":"Agrotourismus Son Flor"},"content":{"rendered":"<section class=\"l-section wpb_row height_custom\"><div class=\"l-section-h i-cf\"><div class=\"g-cols vc_row via_grid cols_2 laptops-cols_inherit tablets-cols_inherit mobiles-cols_1 valign_top type_default stacking_default\"><div class=\"wpb_column vc_column_container\"><div class=\"vc_column-inner\"><div class=\"wpb_text_column us_custom_60e9caca us_animate_this\"><div class=\"wpb_wrapper\"><p style=\"text-align: left;\" data-start=\"66\" data-end=\"328\">Willkommen in Son Flor,<strong> Ihrem Refugium im Herzen Mallorcas<\/strong>, wo Ruhe und Natur aufeinandertreffen. Im malerischen Norden der Insel gelegen, l\u00e4dt unser Agrotourismus dazu ein, abzuschalten und die Sch\u00f6nheit einer einzigartigen nat\u00fcrlichen Umgebung zu genie\u00dfen.<\/p>\n<\/div><\/div><div class=\"w-separator size_large\"><\/div><div class=\"wpb_text_column us_custom_de366d1c us_animate_this\"><div class=\"wpb_wrapper\"><h4 style=\"text-align: left;\">Erkunden Sie Son Flor und entdecken Sie jeden Winkel: <b><a href=\"https:\/\/www.sonfloragroturisme.com\/de\/unterkuenfte\/\">Unterk\u00fcnfte<\/a><\/b>, G\u00e4rten, Schwimmb\u00e4der und R\u00e4ume zum Entspannen.<\/h4>\n<\/div><\/div><\/div><\/div><div class=\"wpb_column vc_column_container\"><div class=\"vc_column-inner\"><div class=\"w-content-carousel items_1 us_custom_de366d1c us_animate_this\"><div class=\"owl-carousel valign_stretch dotstyle_circle navstyle_circle navpos_outside owl-responsive-2000 with_arrows\" style=\"--items-gap:10px;--transition-duration:350ms;--arrows-size:1.5rem;\" onclick=\"return {&quot;aria_labels&quot;:{&quot;prev&quot;:&quot;Zur\\u00fcck&quot;,&quot;next&quot;:&quot;Weiter&quot;},&quot;autoplayContinual&quot;:false,&quot;autoplayHoverPause&quot;:false,&quot;autoplayTimeout&quot;:3000,&quot;autoWidth&quot;:false,&quot;smartSpeed&quot;:350,&quot;margin&quot;:10,&quot;mouseDrag&quot;:true,&quot;rtl&quot;:false,&quot;slideBy&quot;:&quot;1&quot;,&quot;touchDrag&quot;:true,&quot;slideTransition&quot;:&quot;&quot;,&quot;responsive&quot;:{&quot;0&quot;:{&quot;autoHeight&quot;:false,&quot;autoplay&quot;:false,&quot;autoWidth&quot;:false,&quot;center&quot;:false,&quot;dots&quot;:false,&quot;items&quot;:1,&quot;loop&quot;:false,&quot;nav&quot;:false,&quot;stagePadding&quot;:0,&quot;slideBy&quot;:&quot;1&quot;},&quot;601&quot;:{&quot;autoHeight&quot;:false,&quot;autoplay&quot;:false,&quot;autoWidth&quot;:false,&quot;center&quot;:false,&quot;dots&quot;:false,&quot;items&quot;:1,&quot;loop&quot;:false,&quot;nav&quot;:true,&quot;stagePadding&quot;:0}}}\"><div class=\"w-image align_none\"><div class=\"w-image-h\"><img decoding=\"async\" width=\"1024\" height=\"682\" src=\"https:\/\/www.sonfloragroturisme.com\/wp-content\/uploads\/2025\/02\/SonFlor-3200px-11-1024x682.jpg\" class=\"attachment-large size-large\" alt=\"\" loading=\"lazy\" srcset=\"https:\/\/www.sonfloragroturisme.com\/wp-content\/uploads\/2025\/02\/SonFlor-3200px-11-1024x682.jpg 1024w, https:\/\/www.sonfloragroturisme.com\/wp-content\/uploads\/2025\/02\/SonFlor-3200px-11-300x200.jpg 300w, https:\/\/www.sonfloragroturisme.com\/wp-content\/uploads\/2025\/02\/SonFlor-3200px-11.jpg 2000w\" sizes=\"auto, (max-width: 1024px) 100vw, 1024px\" \/><\/div><\/div><div class=\"w-image align_none\"><div class=\"w-image-h\"><img decoding=\"async\" width=\"1024\" height=\"682\" src=\"https:\/\/www.sonfloragroturisme.com\/wp-content\/uploads\/2025\/02\/SonFlor-3200px-44-1024x682.jpg\" class=\"attachment-large size-large\" alt=\"\" loading=\"lazy\" srcset=\"https:\/\/www.sonfloragroturisme.com\/wp-content\/uploads\/2025\/02\/SonFlor-3200px-44-1024x682.jpg 1024w, https:\/\/www.sonfloragroturisme.com\/wp-content\/uploads\/2025\/02\/SonFlor-3200px-44-300x200.jpg 300w, https:\/\/www.sonfloragroturisme.com\/wp-content\/uploads\/2025\/02\/SonFlor-3200px-44.jpg 2000w\" sizes=\"auto, (max-width: 1024px) 100vw, 1024px\" \/><\/div><\/div><div class=\"w-image align_none\"><div class=\"w-image-h\"><img decoding=\"async\" width=\"1024\" height=\"682\" src=\"https:\/\/www.sonfloragroturisme.com\/wp-content\/uploads\/2025\/02\/SonFlor-3200px-38-1024x682.jpg\" class=\"attachment-large size-large\" alt=\"\" loading=\"lazy\" srcset=\"https:\/\/www.sonfloragroturisme.com\/wp-content\/uploads\/2025\/02\/SonFlor-3200px-38-1024x682.jpg 1024w, https:\/\/www.sonfloragroturisme.com\/wp-content\/uploads\/2025\/02\/SonFlor-3200px-38-300x200.jpg 300w, https:\/\/www.sonfloragroturisme.com\/wp-content\/uploads\/2025\/02\/SonFlor-3200px-38.jpg 2000w\" sizes=\"auto, (max-width: 1024px) 100vw, 1024px\" \/><\/div><\/div><div class=\"w-image align_none\"><div class=\"w-image-h\"><img decoding=\"async\" width=\"1024\" height=\"682\" src=\"https:\/\/www.sonfloragroturisme.com\/wp-content\/uploads\/2025\/02\/Apart-1-SonFlor-18-1024x682.jpg\" class=\"attachment-large size-large\" alt=\"\" loading=\"lazy\" srcset=\"https:\/\/www.sonfloragroturisme.com\/wp-content\/uploads\/2025\/02\/Apart-1-SonFlor-18-1024x682.jpg 1024w, https:\/\/www.sonfloragroturisme.com\/wp-content\/uploads\/2025\/02\/Apart-1-SonFlor-18-300x200.jpg 300w, https:\/\/www.sonfloragroturisme.com\/wp-content\/uploads\/2025\/02\/Apart-1-SonFlor-18.jpg 2000w\" sizes=\"auto, (max-width: 1024px) 100vw, 1024px\" \/><\/div><\/div><\/div><\/div><\/div><\/div><\/div><\/div><\/section><section class=\"l-section wpb_row height_custom\"><div class=\"l-section-h i-cf\"><div class=\"g-cols vc_row via_grid cols_2 laptops-cols_inherit tablets-cols_inherit mobiles-cols_1 valign_top type_default stacking_default\"><div class=\"wpb_column vc_column_container\"><div class=\"vc_column-inner\"><div class=\"w-separator size_medium\"><\/div><div class=\"w-image us_custom_de366d1c us_animate_this align_none\"><div class=\"w-image-h\"><img decoding=\"async\" width=\"1140\" height=\"1299\" src=\"https:\/\/www.sonfloragroturisme.com\/wp-content\/uploads\/plano_Son_Flor_DEF-1797x2048.png\" class=\"attachment-large size-large\" alt=\"\" loading=\"lazy\" srcset=\"https:\/\/www.sonfloragroturisme.com\/wp-content\/uploads\/plano_Son_Flor_DEF-1797x2048.png 1797w, https:\/\/www.sonfloragroturisme.com\/wp-content\/uploads\/plano_Son_Flor_DEF-899x1024.png 899w\" sizes=\"auto, (max-width: 1140px) 100vw, 1140px\" \/><\/div><\/div><\/div><\/div><div class=\"wpb_column vc_column_container\"><div class=\"vc_column-inner\"><div class=\"w-separator size_large\"><\/div><div class=\"wpb_text_column us_custom_de366d1c us_animate_this\"><div class=\"wpb_wrapper\"><p data-start=\"847\" data-end=\"1124\">Ob Sie sich am Pool entspannen oder die versteckten Reize Mallorcas entdecken wollen, in Son Flor finden Sie die perfekte Balance zwischen Komfort und Natur. Wir warten auf Sie, um eine authentische Erfahrung in dieser privilegierten Ecke der Insel zu machen.<\/p>\n<\/div><\/div><div class=\"w-separator size_large\"><\/div><div class=\"wpb_text_column us_custom_60e9caca us_animate_this\"><div class=\"wpb_wrapper\"><h4>A <b><a href=\"https:\/\/www.sonfloragroturisme.com\/de\/umgebung\/\">Umgebung<\/a><\/b> die dazu bestimmt ist, in aller Ruhe genossen zu werden: Natur, einzigartige Zimmer und charmante Gemeinschaftsbereiche.<\/h4>\n<\/div><\/div><div class=\"w-separator size_large\"><\/div><div class=\"w-image us_custom_60e9caca us_animate_this align_none\"><div class=\"w-image-h\"><img decoding=\"async\" width=\"1140\" height=\"505\" src=\"https:\/\/www.sonfloragroturisme.com\/wp-content\/uploads\/habitacions-2048x907.png\" class=\"attachment-large size-large\" alt=\"\" loading=\"lazy\" srcset=\"https:\/\/www.sonfloragroturisme.com\/wp-content\/uploads\/habitacions-2048x907.png 2048w, https:\/\/www.sonfloragroturisme.com\/wp-content\/uploads\/habitacions-1024x453.png 1024w\" sizes=\"auto, (max-width: 1140px) 100vw, 1140px\" \/><\/div><\/div><\/div><\/div><\/div><\/div><\/section>\n","protected":false},"excerpt":{"rendered":"Willkommen in Son Flor, Ihrem Refugium im Herzen Mallorcas, wo Ruhe und Natur aufeinandertreffen. Im malerischen Norden der Insel gelegen, l\u00e4dt unser Agrotourismus dazu ein, abzuschalten und die Sch\u00f6nheit einer einzigartigen nat\u00fcrlichen Umgebung zu genie\u00dfen. Erkunden Sie Son Flor und entdecken Sie jeden Winkel: Unterk\u00fcnfte, G\u00e4rten, Schwimmb\u00e4der und R\u00e4ume zum Entspannen. Ob Sie sich am...","protected":false},"author":2,"featured_media":0,"parent":0,"menu_order":0,"comment_status":"closed","ping_status":"closed","template":"","meta":{"_acf_changed":false,"footnotes":""},"class_list":["post-1415","page","type-page","status-publish","hentry"],"acf":[],"yoast_head":"<!-- This site is optimized with the Yoast SEO plugin v27.4 - https:\/\/yoast.com\/product\/yoast-seo-wordpress\/ -->\n<title>Agrotourismus Son Flor - Son Flor Agroturisme<\/title>\n<meta name=\"robots\" content=\"index, follow, max-snippet:-1, max-image-preview:large, max-video-preview:-1\" \/>\n<link rel=\"canonical\" href=\"https:\/\/www.sonfloragroturisme.com\/de\/agrotourismus-son-flor\/\" \/>\n<meta property=\"og:locale\" content=\"de_DE\" \/>\n<meta property=\"og:type\" content=\"article\" \/>\n<meta property=\"og:title\" content=\"Agrotourismus Son Flor - Son Flor Agroturisme\" \/>\n<meta property=\"og:url\" content=\"https:\/\/www.sonfloragroturisme.com\/de\/agrotourismus-son-flor\/\" \/>\n<meta property=\"og:site_name\" content=\"Son Flor Agroturisme\" \/>\n<meta property=\"article:publisher\" content=\"https:\/\/www.facebook.com\/sonfloragroturisme\" \/>\n<meta property=\"article:modified_time\" content=\"2025-04-30T11:12:31+00:00\" \/>\n<meta name=\"twitter:card\" content=\"summary_large_image\" \/>\n<meta name=\"twitter:label1\" content=\"Gesch\u00e4tzte Lesezeit\" \/>\n\t<meta name=\"twitter:data1\" content=\"2\u00a0Minuten\" \/>\n<script type=\"application\/ld+json\" class=\"yoast-schema-graph\">{\"@context\":\"https:\\\/\\\/schema.org\",\"@graph\":[{\"@type\":\"WebPage\",\"@id\":\"https:\\\/\\\/www.sonfloragroturisme.com\\\/de\\\/agrotourismus-son-flor\\\/\",\"url\":\"https:\\\/\\\/www.sonfloragroturisme.com\\\/de\\\/agrotourismus-son-flor\\\/\",\"name\":\"Agrotourismus Son Flor - Son Flor Agroturisme\",\"isPartOf\":{\"@id\":\"https:\\\/\\\/www.sonfloragroturisme.com\\\/#website\"},\"datePublished\":\"2025-02-10T11:20:05+00:00\",\"dateModified\":\"2025-04-30T11:12:31+00:00\",\"breadcrumb\":{\"@id\":\"https:\\\/\\\/www.sonfloragroturisme.com\\\/de\\\/agrotourismus-son-flor\\\/#breadcrumb\"},\"inLanguage\":\"de\",\"potentialAction\":[{\"@type\":\"ReadAction\",\"target\":[\"https:\\\/\\\/www.sonfloragroturisme.com\\\/de\\\/agrotourismus-son-flor\\\/\"]}]},{\"@type\":\"BreadcrumbList\",\"@id\":\"https:\\\/\\\/www.sonfloragroturisme.com\\\/de\\\/agrotourismus-son-flor\\\/#breadcrumb\",\"itemListElement\":[{\"@type\":\"ListItem\",\"position\":1,\"name\":\"Portada\",\"item\":\"https:\\\/\\\/www.sonfloragroturisme.com\\\/de\\\/startseite\\\/\"},{\"@type\":\"ListItem\",\"position\":2,\"name\":\"Agrotourismus Son Flor\"}]},{\"@type\":\"WebSite\",\"@id\":\"https:\\\/\\\/www.sonfloragroturisme.com\\\/#website\",\"url\":\"https:\\\/\\\/www.sonfloragroturisme.com\\\/\",\"name\":\"Son Flor Agroturisme\",\"description\":\"\",\"publisher\":{\"@id\":\"https:\\\/\\\/www.sonfloragroturisme.com\\\/#organization\"},\"potentialAction\":[{\"@type\":\"SearchAction\",\"target\":{\"@type\":\"EntryPoint\",\"urlTemplate\":\"https:\\\/\\\/www.sonfloragroturisme.com\\\/?s={search_term_string}\"},\"query-input\":{\"@type\":\"PropertyValueSpecification\",\"valueRequired\":true,\"valueName\":\"search_term_string\"}}],\"inLanguage\":\"de\"},{\"@type\":\"Organization\",\"@id\":\"https:\\\/\\\/www.sonfloragroturisme.com\\\/#organization\",\"name\":\"Son Flor Agroturisme\",\"url\":\"https:\\\/\\\/www.sonfloragroturisme.com\\\/\",\"logo\":{\"@type\":\"ImageObject\",\"inLanguage\":\"de\",\"@id\":\"https:\\\/\\\/www.sonfloragroturisme.com\\\/#\\\/schema\\\/logo\\\/image\\\/\",\"url\":\"https:\\\/\\\/www.sonfloragroturisme.com\\\/wp-content\\\/uploads\\\/2025\\\/02\\\/icon.png\",\"contentUrl\":\"https:\\\/\\\/www.sonfloragroturisme.com\\\/wp-content\\\/uploads\\\/2025\\\/02\\\/icon.png\",\"width\":1689,\"height\":1689,\"caption\":\"Son Flor Agroturisme\"},\"image\":{\"@id\":\"https:\\\/\\\/www.sonfloragroturisme.com\\\/#\\\/schema\\\/logo\\\/image\\\/\"},\"sameAs\":[\"https:\\\/\\\/www.facebook.com\\\/sonfloragroturisme\",\"https:\\\/\\\/www.instagram.com\\\/sonfloragroturisme\\\/\"]}]}<\/script>\n<!-- \/ Yoast SEO plugin. -->","yoast_head_json":{"title":"Agrotourismus Son Flor - Son Flor Agroturisme","robots":{"index":"index","follow":"follow","max-snippet":"max-snippet:-1","max-image-preview":"max-image-preview:large","max-video-preview":"max-video-preview:-1"},"canonical":"https:\/\/www.sonfloragroturisme.com\/de\/agrotourismus-son-flor\/","og_locale":"de_DE","og_type":"article","og_title":"Agrotourismus Son Flor - Son Flor Agroturisme","og_url":"https:\/\/www.sonfloragroturisme.com\/de\/agrotourismus-son-flor\/","og_site_name":"Son Flor Agroturisme","article_publisher":"https:\/\/www.facebook.com\/sonfloragroturisme","article_modified_time":"2025-04-30T11:12:31+00:00","twitter_card":"summary_large_image","twitter_misc":{"Gesch\u00e4tzte Lesezeit":"2\u00a0Minuten"},"schema":{"@context":"https:\/\/schema.org","@graph":[{"@type":"WebPage","@id":"https:\/\/www.sonfloragroturisme.com\/de\/agrotourismus-son-flor\/","url":"https:\/\/www.sonfloragroturisme.com\/de\/agrotourismus-son-flor\/","name":"Agrotourismus Son Flor - Son Flor Agroturisme","isPartOf":{"@id":"https:\/\/www.sonfloragroturisme.com\/#website"},"datePublished":"2025-02-10T11:20:05+00:00","dateModified":"2025-04-30T11:12:31+00:00","breadcrumb":{"@id":"https:\/\/www.sonfloragroturisme.com\/de\/agrotourismus-son-flor\/#breadcrumb"},"inLanguage":"de","potentialAction":[{"@type":"ReadAction","target":["https:\/\/www.sonfloragroturisme.com\/de\/agrotourismus-son-flor\/"]}]},{"@type":"BreadcrumbList","@id":"https:\/\/www.sonfloragroturisme.com\/de\/agrotourismus-son-flor\/#breadcrumb","itemListElement":[{"@type":"ListItem","position":1,"name":"Portada","item":"https:\/\/www.sonfloragroturisme.com\/de\/startseite\/"},{"@type":"ListItem","position":2,"name":"Agrotourismus Son Flor"}]},{"@type":"WebSite","@id":"https:\/\/www.sonfloragroturisme.com\/#website","url":"https:\/\/www.sonfloragroturisme.com\/","name":"Son Flor Agroturisme","description":"","publisher":{"@id":"https:\/\/www.sonfloragroturisme.com\/#organization"},"potentialAction":[{"@type":"SearchAction","target":{"@type":"EntryPoint","urlTemplate":"https:\/\/www.sonfloragroturisme.com\/?s={search_term_string}"},"query-input":{"@type":"PropertyValueSpecification","valueRequired":true,"valueName":"search_term_string"}}],"inLanguage":"de"},{"@type":"Organization","@id":"https:\/\/www.sonfloragroturisme.com\/#organization","name":"Son Flor Agroturisme","url":"https:\/\/www.sonfloragroturisme.com\/","logo":{"@type":"ImageObject","inLanguage":"de","@id":"https:\/\/www.sonfloragroturisme.com\/#\/schema\/logo\/image\/","url":"https:\/\/www.sonfloragroturisme.com\/wp-content\/uploads\/2025\/02\/icon.png","contentUrl":"https:\/\/www.sonfloragroturisme.com\/wp-content\/uploads\/2025\/02\/icon.png","width":1689,"height":1689,"caption":"Son Flor Agroturisme"},"image":{"@id":"https:\/\/www.sonfloragroturisme.com\/#\/schema\/logo\/image\/"},"sameAs":["https:\/\/www.facebook.com\/sonfloragroturisme","https:\/\/www.instagram.com\/sonfloragroturisme\/"]}]}},"_links":{"self":[{"href":"https:\/\/www.sonfloragroturisme.com\/de\/wp-json\/wp\/v2\/pages\/1415","targetHints":{"allow":["GET"]}}],"collection":[{"href":"https:\/\/www.sonfloragroturisme.com\/de\/wp-json\/wp\/v2\/pages"}],"about":[{"href":"https:\/\/www.sonfloragroturisme.com\/de\/wp-json\/wp\/v2\/types\/page"}],"author":[{"embeddable":true,"href":"https:\/\/www.sonfloragroturisme.com\/de\/wp-json\/wp\/v2\/users\/2"}],"replies":[{"embeddable":true,"href":"https:\/\/www.sonfloragroturisme.com\/de\/wp-json\/wp\/v2\/comments?post=1415"}],"version-history":[{"count":6,"href":"https:\/\/www.sonfloragroturisme.com\/de\/wp-json\/wp\/v2\/pages\/1415\/revisions"}],"predecessor-version":[{"id":1547,"href":"https:\/\/www.sonfloragroturisme.com\/de\/wp-json\/wp\/v2\/pages\/1415\/revisions\/1547"}],"wp:attachment":[{"href":"https:\/\/www.sonfloragroturisme.com\/de\/wp-json\/wp\/v2\/media?parent=1415"}],"curies":[{"name":"wp","href":"https:\/\/api.w.org\/{rel}","templated":true}]}}